{"id":3923,"date":"2024-06-24T07:45:00","date_gmt":"2024-06-24T07:45:00","guid":{"rendered":"https:\/\/turismoselvadeirati.com\/politica-de-privacidad\/"},"modified":"2025-11-01T07:32:01","modified_gmt":"2025-11-01T07:32:01","slug":"pribatutasun-politika","status":"publish","type":"page","link":"https:\/\/turismoselvadeirati.com\/eu\/pribatutasun-politika\/","title":{"rendered":"Pribatutasun politika"},"content":{"rendered":"<div id=\"ez-toc-container\" class=\"ez-toc-v2_0_83 ez-toc-wrap-center counter-hierarchy ez-toc-counter ez-toc-grey ez-toc-container-direction\">\n<div class=\"ez-toc-title-container\">\n<p class=\"ez-toc-title ez-toc-toggle\" style=\"cursor:pointer\">Contenido de la p\u00e1gina<\/p>\n<span class=\"ez-toc-title-toggle\"><a href=\"#\" class=\"ez-toc-pull-right ez-toc-btn ez-toc-btn-xs ez-toc-btn-default ez-toc-toggle\" aria-label=\"Toggle Table of Content\"><span class=\"ez-toc-js-icon-con\"><span class=\"\"><span class=\"eztoc-hide\" style=\"display:none;\">Toggle<\/span><span class=\"ez-toc-icon-toggle-span\"><svg style=\"fill: #999;color:#999\" xmlns=\"http:\/\/www.w3.org\/2000\/svg\" class=\"list-377408\" width=\"20px\" height=\"20px\" viewBox=\"0 0 24 24\" fill=\"none\"><path d=\"M6 6H4v2h2V6zm14 0H8v2h12V6zM4 11h2v2H4v-2zm16 0H8v2h12v-2zM4 16h2v2H4v-2zm16 0H8v2h12v-2z\" fill=\"currentColor\"><\/path><\/svg><svg style=\"fill: #999;color:#999\" class=\"arrow-unsorted-368013\" xmlns=\"http:\/\/www.w3.org\/2000\/svg\" width=\"10px\" height=\"10px\" viewBox=\"0 0 24 24\" version=\"1.2\" baseProfile=\"tiny\"><path d=\"M18.2 9.3l-6.2-6.3-6.2 6.3c-.2.2-.3.4-.3.7s.1.5.3.7c.2.2.4.3.7.3h11c.3 0 .5-.1.7-.3.2-.2.3-.5.3-.7s-.1-.5-.3-.7zM5.8 14.7l6.2 6.3 6.2-6.3c.2-.2.3-.5.3-.7s-.1-.5-.3-.7c-.2-.2-.4-.3-.7-.3h-11c-.3 0-.5.1-.7.3-.2.2-.3.5-.3.7s.1.5.3.7z\"\/><\/svg><\/span><\/span><\/span><\/a><\/span><\/div>\n<nav><ul class='ez-toc-list ez-toc-list-level-1 eztoc-toggle-hide-by-default' ><li class='ez-toc-page-1 ez-toc-heading-level-3'><a class=\"ez-toc-link ez-toc-heading-1\" href=\"https:\/\/turismoselvadeirati.com\/eu\/pribatutasun-politika\/#1_INFORMACION_AL_USUARIO\" >1. INFORMACI\u00d3N AL USUARIO<\/a><\/li><li class='ez-toc-page-1 ez-toc-heading-level-3'><a class=\"ez-toc-link ez-toc-heading-2\" href=\"https:\/\/turismoselvadeirati.com\/eu\/pribatutasun-politika\/#2_CARACTER_OBLIGATORIO_O_FACULTATIVO_DE_LA_INFORMACION_FACILITADA_POR_EL_USUARIO\" >2. CAR\u00c1CTER OBLIGATORIO O FACULTATIVO DE LA INFORMACI\u00d3N FACILITADA POR EL USUARIO<\/a><\/li><li class='ez-toc-page-1 ez-toc-heading-level-3'><a class=\"ez-toc-link ez-toc-heading-3\" href=\"https:\/\/turismoselvadeirati.com\/eu\/pribatutasun-politika\/#3_MEDIDAS_DE_SEGURIDAD\" >3. MEDIDAS DE SEGURIDAD<\/a><\/li><li class='ez-toc-page-1 ez-toc-heading-level-3'><a class=\"ez-toc-link ez-toc-heading-4\" href=\"https:\/\/turismoselvadeirati.com\/eu\/pribatutasun-politika\/#4_POLITICA_DE_COOKIES\" >4. POL\u00cdTICA DE COOKIES<\/a><ul class='ez-toc-list-level-4' ><li class='ez-toc-heading-level-4'><a class=\"ez-toc-link ez-toc-heading-5\" href=\"https:\/\/turismoselvadeirati.com\/eu\/pribatutasun-politika\/#Cookies_tecnicas\" >Cookies t\u00e9cnicas<\/a><\/li><li class='ez-toc-page-1 ez-toc-heading-level-4'><a class=\"ez-toc-link ez-toc-heading-6\" href=\"https:\/\/turismoselvadeirati.com\/eu\/pribatutasun-politika\/#Cookies_de_analisis\" >Cookies de an\u00e1lisis<\/a><\/li><li class='ez-toc-page-1 ez-toc-heading-level-4'><a class=\"ez-toc-link ez-toc-heading-7\" href=\"https:\/\/turismoselvadeirati.com\/eu\/pribatutasun-politika\/#Desactivacion_de_las_cookies\" >Desactivaci\u00f3n de las cookies<\/a><\/li><\/ul><\/li><\/ul><\/nav><\/div>\n<section class=\"l-section wpb_row us_custom_1a5e0cc9 height_custom\"><div class=\"l-section-h i-cf\"><div class=\"g-cols vc_row via_grid cols_1 laptops-cols_inherit tablets-cols_inherit mobiles-cols_1 valign_top type_default stacking_default\"><div class=\"wpb_column vc_column_container\"><div class=\"vc_column-inner\"><div class=\"wpb_text_column\"><div class=\"wpb_wrapper\"><h3><span class=\"ez-toc-section\" id=\"1_INFORMACION_AL_USUARIO\"><\/span>1. INFORMACI\u00d3N AL USUARIO<span class=\"ez-toc-section-end\"><\/span><\/h3>\n<p style=\"text-align: justify;\"><b>La Asociaci\u00f3n tur\u00edstica Irati-Orreaga<\/b>, en adelante RESPONSABLE, es el Responsable del tratamiento de los datos personales del Usuario y le informa que estos datos ser\u00e1n tratados de conformidad con lo dispuesto en el Reglamento (UE) 2016\/679 de 27 de abril de 2016 (GDPR) relativo a la protecci\u00f3n de las personas f\u00edsicas en lo que respecta al tratamiento de datos personales y a la libre circulaci\u00f3n de estos datos, por lo que se le facilita la siguiente informaci\u00f3n del tratamiento:<\/p>\n<p style=\"text-align: justify;\"><b>Fin del tratamiento<\/b>: mantener una relaci\u00f3n comercial con el Usuario. Las operaciones previstas para realizar el tratamiento son:<\/p>\n<ul style=\"text-align: justify;\">\n<li>Remisi\u00f3n de comunicaciones comerciales publicitarias por email, SMS, MMS o cualquier otro medio electr\u00f3nico o f\u00edsico, presente o futuro, que posibilite realizar comunicaciones comerciales. Estas comunicaciones ser\u00e1n realizadas por el RESPONSABLE y relacionadas sobre sus productos y servicios, o de sus colaboradores o proveedores con los que \u00e9ste haya alcanzado alg\u00fan acuerdo de promoci\u00f3n. En este caso, los terceros nunca tendr\u00e1n acceso a los datos personales.<\/li>\n<li>Realizar estudios estad\u00edsticos.<\/li>\n<li>Tramitar encargos, solicitudes o cualquier tipo de petici\u00f3n que sea realizada por el usuario a trav\u00e9s de cualquiera de las formas de contacto que se ponen a su disposici\u00f3n.<\/li>\n<\/ul>\n<p style=\"text-align: justify;\"><b>Criterios de conservaci\u00f3n de los datos:<\/b>se conservar\u00e1n mientras exista un inter\u00e9s mutuo para mantener el fin del tratamiento y cuando ya no sea necesario para tal fin, se suprimir\u00e1n con medidas de seguridad adecuadas para garantizar la seudonimizaci\u00f3n de los datos o la destrucci\u00f3n total de los mismos.<\/p>\n<p style=\"text-align: justify;\"><strong>Comunicaci\u00f3n de los datos<\/strong>: se informa a los usuarios de que sus datos personales no ser\u00e1n cedidos a terceros, con la salvedad de que dicha cesi\u00f3n de datos este amparada en una obligaci\u00f3n legal o cuando la prestaci\u00f3n de un servicio implique la necesidad de una relaci\u00f3n contractual con un encargado de tratamiento. En este \u00faltimo caso, solo se llevar\u00e1 a cabo la cesi\u00f3n de datos al tercero cuando el RESPONSABLE disponga del consentimiento expreso del usuario.<\/p>\n<p style=\"text-align: justify;\"><strong>Derechos que asisten al Usuario:<\/strong><\/p>\n<ul style=\"text-align: justify;\">\n<li>Derecho a retirar el consentimiento en cualquier momento.<\/li>\n<li>Derecho de acceso, rectificaci\u00f3n, portabilidad y supresi\u00f3n de sus datos y a la limitaci\u00f3n u oposici\u00f3n al su tratamiento.<\/li>\n<li>Derecho a presentar una reclamaci\u00f3n ante la autoridad de control (agpd.es) si considera que el tratamiento no se ajusta a la normativa vigente.<\/li>\n<\/ul>\n<p style=\"text-align: justify;\"><strong>Datos de contacto para ejercer sus derechos<\/strong>:<\/p>\n<p style=\"text-align: justify;\">Direcci\u00f3n postal: Asociaci\u00f3n tur\u00edstica Irati-Orreaga 31671 Aribe (Navarra)<br \/>\nEmail: info@turismoselvadeirati.com<\/p>\n<h3 style=\"text-align: justify;\"><span class=\"ez-toc-section\" id=\"2_CARACTER_OBLIGATORIO_O_FACULTATIVO_DE_LA_INFORMACION_FACILITADA_POR_EL_USUARIO\"><\/span>2. CAR\u00c1CTER OBLIGATORIO O FACULTATIVO DE LA INFORMACI\u00d3N FACILITADA POR EL USUARIO<span class=\"ez-toc-section-end\"><\/span><\/h3>\n<p style=\"text-align: justify;\">Los Usuarios, mediante la marcaci\u00f3n de las casillas correspondientes y entrada de datos en los campos, marcados con un asterisco (*) en el formulario de contacto o presentados en formularios de descarga, aceptan expresamente y de forma libre e inequ\u00edvoca, que sus datos son necesarios para atender su petici\u00f3n, por parte del prestador, siendo voluntaria la inclusi\u00f3n de datos en los campos restantes. El Usuario garantiza que los datos personales facilitados al RESPONSABLE son veraces y se hace responsable de comunicar cualquier modificaci\u00f3n de los mismos.<\/p>\n<p style=\"text-align: justify;\">El RESPONSABLE informa y garantiza expresamente a los usuarios que sus datos personales no ser\u00e1n cedidos en ning\u00fan caso a terceros, y que siempre que realizara alg\u00fan tipo de cesi\u00f3n de datos personales, se pedir\u00e1 previamente el consentimiento expreso, informado e inequ\u00edvoco por parte los Usuarios. Todos los datos solicitados a trav\u00e9s del sitio web son obligatorios, ya que son necesarios para la prestaci\u00f3n de un servicio \u00f3ptimo al Usuario. En caso de que no sean facilitados todos los datos, no se garantiza que la informaci\u00f3n y servicios facilitados sean completamente ajustados a sus necesidades.<\/p>\n<h3 style=\"text-align: justify;\"><span class=\"ez-toc-section\" id=\"3_MEDIDAS_DE_SEGURIDAD\"><\/span>3. MEDIDAS DE SEGURIDAD<span class=\"ez-toc-section-end\"><\/span><\/h3>\n<p style=\"text-align: justify;\">Que de conformidad con lo dispuesto en las normativas vigentes en protecci\u00f3n de datos personales, el RESPONSABLE est\u00e1 cumpliendo con todas las disposiciones de las normativas GDPR para el tratamiento de los datos personales de su responsabilidad, y manifiestamente con los principios descritos en el art\u00edculo 5 del GDPR, por los cuales son tratados de manera l\u00edcita, leal y transparente en relaci\u00f3n con el interesado y adecuados, pertinentes y limitados a lo necesario en relaci\u00f3n con los fines para los que son tratados.<\/p>\n<p style=\"text-align: justify;\">El RESPONSABLE garantiza que ha implementado pol\u00edticas t\u00e9cnicas y organizativas apropiadas para aplicar las medidas de seguridad que establecen el GDPR con el fin de proteger los derechos y libertades de los Usuarios y les ha comunicado la informaci\u00f3n adecuada para que puedan ejercerlos.<\/p>\n<h3><span class=\"ez-toc-section\" id=\"4_POLITICA_DE_COOKIES\"><\/span>4. POL\u00cdTICA DE COOKIES<span class=\"ez-toc-section-end\"><\/span><\/h3>\n<p>Las cookies son peque\u00f1os archivos de texto que se descargan e instalan de forma autom\u00e1tica en el dispositivo de las personas usuarios a trav\u00e9s de su navegador (Chrome, Edge, Firefox, Safari, entre otros) al visitar un sitio web. En general, esta tecnolog\u00eda puede servir para finalidades muy diversas, como por ejemplo reconocer como personoa \u00fanica que hace uso de la web, obtener informaci\u00f3n sobre sus h\u00e1bitos de navegaci\u00f3n, personalizar la forma en la que se muestra el contenido, etc.<\/p>\n<p>En esta web, turismoselvadeirati.com, usamos cookies propias (t\u00e9cnicas) y de terceros (Google Analytics, anal\u00edticas) para analizar el tr\u00e1fico de la web y poder as\u00ed mejorar tu experiencia de usuario.<\/p>\n<h4><span class=\"ez-toc-section\" id=\"Cookies_tecnicas\"><\/span>Cookies t\u00e9cnicas<span class=\"ez-toc-section-end\"><\/span><\/h4>\n<p>Las cookies t\u00e9cnicas son imprescindibles para el funcionamiento de la web; sirven entre otras cosas para saber en qu\u00e9 idioma prefieres ver la p\u00e1gina o si permitiste o bloqueaste las cookies de terceros o si quieres acceder como usuario registrado.<\/p>\n<h4><span class=\"ez-toc-section\" id=\"Cookies_de_analisis\"><\/span>Cookies de an\u00e1lisis<span class=\"ez-toc-section-end\"><\/span><\/h4>\n<p>Empleamos cookies de terceros (Google Analytics) para medir y analizar estad\u00edsticamente el tr\u00e1fico de la web: las p\u00e1ginas m\u00e1s visitadas, la procedencia de los visitantes, etc.<\/p>\n<ul>\n<li><a href=\"https:\/\/support.google.com\/analytics\/answer\/6004245?sjid=9101648625928489895-EU#info_for_visitors\" target=\"_blank\" rel=\"nofollow noopener sponsored\">Informaci\u00f3n de Google Analytics sobre sus pol\u00edticas de cookies y privacidad<\/a><\/li>\n<\/ul>\n<div class=\"tablewrap\" style=\"overflow-x: scroll;\">\n<table style=\"font-size: 90%;\">\n<thead>\n<tr>\n<th>Nombre de la cookie<\/th>\n<th>Responsable<\/th>\n<th>Finalidad<\/th>\n<th>Tipo<\/th>\n<th>Duraci\u00f3n<\/th>\n<th>Activar<\/th>\n<\/tr>\n<\/thead>\n<tbody>\n<tr>\n<td><strong>wordpress_[hash]wordpress_logged_in_[hash]wp-settings-test-cookie<\/strong><\/td>\n<td><strong>turismoselvadeirati.com<\/strong> (WordPress)<\/td>\n<td><strong>T\u00e9cnica<\/strong><br \/>\nSe usa para gestionar las sesiones abiertas por los usuarios de la web cuando incian sesi\u00f3n.<\/td>\n<td>Propia<\/td>\n<td>Sesi\u00f3n<\/td>\n<td>Siempre activas<\/td>\n<\/tr>\n<tr>\n<td><strong>wp-settings-{time}-[UID]<\/strong><\/td>\n<td><strong>turismoselvadeirati.com<\/strong><br \/>\n(WordPress)<\/td>\n<td><strong>T\u00e9cnica<\/strong><br \/>\nSe usa para gestionar la visualizaci\u00f3n del panel de administraci\u00f3n en funci\u00f3n del usuario.<\/td>\n<td>Propia<\/td>\n<td>Persistente: 1 a\u00f1o<\/td>\n<td>Siempre activas<\/td>\n<\/tr>\n<tr>\n<td><strong>moove_gdpr_popup<\/strong><\/td>\n<td><strong>turismoselvadeirati.com <\/strong><br \/>\n(plugin GDPR)<\/td>\n<td><strong>T\u00e9cnica<\/strong><br \/>\nSe usa para saber si el de la web acept\u00f3 o rechaz\u00f3 las cookies<\/td>\n<td>Propia<\/td>\n<td>Persistente: 1 a\u00f1o<\/td>\n<td>Siempre activas<\/td>\n<\/tr>\n<tr>\n<td><strong>wp-wpml_current_language<\/strong><\/td>\n<td><strong>turismoselvadeirati.com <\/strong><br \/>\n(plugin WPML)<\/td>\n<td><strong>T\u00e9cnica<\/strong><br \/>\nSe usa para saber en qu\u00e9 idioma est\u00e1 viendo la web el usuario<\/td>\n<td>Propia<\/td>\n<td>Persistente: 1 d\u00eda<\/td>\n<td>Siempre activas<\/td>\n<\/tr>\n<tr>\n<td><strong>_ga<\/strong><\/td>\n<td><strong>Google Analytics<\/strong><\/td>\n<td><strong>An\u00e1lisis<\/strong><br \/>\nSe usa para distinguir a los usuarios de la web<\/td>\n<td>Terceros<\/td>\n<td>Persistente: 2 a\u00f1os<\/td>\n<td><a href=\"\/#gdpr_cookie_modal\">Configurar<\/a><\/td>\n<\/tr>\n<tr>\n<td><strong>_ga_&lt;container_id&gt;<\/strong><\/td>\n<td><strong>Google Analytics<\/strong><\/td>\n<td><strong>An\u00e1lisis<\/strong><br \/>\nSe usa para mantener el estado de la sesi\u00f3n<\/td>\n<td>Terceros<\/td>\n<td>Persistente: 2 a\u00f1os<\/td>\n<td><a href=\"\/#gdpr_cookie_modal\">Configurar<\/a><\/td>\n<\/tr>\n<\/tbody>\n<\/table>\n<\/div>\n<p style=\"text-align: center;\">Puedes configurar tus ajustes de cookies, permitiendo o rechazando las cookies de an\u00e1lisis haciendo click en el siguiente bot\u00f3n:<\/p>\n<p style=\"text-align: center;\"><div class=\"w-btn-wrapper align_none\"><a class=\"w-btn us-btn-style_1\" href=\"https:\/\/turismoselvadeirati.com\/#gdpr_cookie_modal\"><span class=\"w-btn-label\">Configurar cookies<\/span><\/a><\/div>\n<h4><span class=\"ez-toc-section\" id=\"Desactivacion_de_las_cookies\"><\/span>Desactivaci\u00f3n de las cookies<span class=\"ez-toc-section-end\"><\/span><\/h4>\n<p> Para revocar el consentimiento de la instalaci\u00f3n de cookies no t\u00e9cnicas s\u00f3lo tienes que pulsar los botones de configuraci\u00f3n presentes m\u00e1s arriba. Tambi\u00e9n deber\u00e1s borrar el historial para eliminar las ya instaladas. Adem\u00e1s de los botones de configuraci\u00f3n de cookies presentes en esta pol\u00edtica, a continuaci\u00f3n facilitamos enlaces con la informaci\u00f3n necesaria para desactivar las cookies de los navegadores m\u00e1s utilizados:   <\/p>\n<ul>\n<li><a href=\"https:\/\/support.google.com\/chrome\/answer\/95647?hl=es\" target=\"_blank\" rel=\"nofollow noopener sponsored\"><a href=\"https:\/\/support.google.com\/chrome\/answer\/95647?hl=es\" target=\"_blank\" rel=\"noopener\">Google Chrome<\/a><\/a><\/li>\n<li><a href=\"https:\/\/support.google.com\/chrome\/answer\/2392971?hl=es\" target=\"_blank\" rel=\"nofollow noopener sponsored\"><a href=\"https:\/\/support.google.com\/chrome\/answer\/2392971?hl=es\" target=\"_blank\" rel=\"noopener\">Google Chrome para m\u00f3viles<\/a><\/a><\/li>\n<li><a href=\"https:\/\/support.microsoft.com\/es-es\/help\/4027947\/microsoft-edge-delete-cookies\" target=\"_blank\" rel=\"nofollow noopener sponsored\"><a href=\"https:\/\/support.microsoft.com\/es-es\/help\/4027947\/microsoft-edge-delete-cookies\" target=\"_blank\" rel=\"noopener\">Microsoft Edge<\/a><\/a><\/li>\n<li><a href=\"https:\/\/support.mozilla.org\/es\/kb\/habilitar-y-deshabilitar-cookies-que-los-sitios-we\" target=\"_blank\" rel=\"nofollow noopener sponsored\"><a href=\"https:\/\/support.mozilla.org\/es\/kb\/habilitar-y-deshabilitar-cookies-que-los-sitios-we\" target=\"_blank\" rel=\"noopener\">Mozilla Firefox<\/a><\/a><\/li>\n<li><a href=\"https:\/\/help.opera.com\/en\/latest\/web-preferences\/#cookies\" target=\"_blank\" rel=\"nofollow noopener sponsored\"><a href=\"https:\/\/help.opera.com\/en\/latest\/web-preferences\/#cookies\" target=\"_blank\" rel=\"noopener\">Opera<\/a><\/a><\/li>\n<li><a href=\"https:\/\/support.apple.com\/es-es\/HT201265\" target=\"_blank\" rel=\"nofollow noopener sponsored\"><a href=\"https:\/\/support.apple.com\/es-es\/HT201265\" target=\"_blank\" rel=\"noopener\">Safari<\/a><\/a><\/li>\n<\/ul>\n<\/div><\/div><\/div><\/div><\/div><\/div><\/section>\n","protected":false},"excerpt":{"rendered":"1. INFORMACI\u00d3N AL USUARIO La Asociaci\u00f3n tur\u00edstica Irati-Orreaga, en adelante RESPONSABLE, es el Responsable del tratamiento de los datos personales del Usuario y le informa que estos datos ser\u00e1n tratados de conformidad con lo dispuesto en el Reglamento (UE) 2016\/679 de 27 de abril de 2016 (GDPR) relativo a la protecci\u00f3n de las personas f\u00edsicas...","protected":false},"author":1,"featured_media":0,"parent":0,"menu_order":106,"comment_status":"closed","ping_status":"closed","template":"","meta":{"_acf_changed":false,"footnotes":""},"class_list":["post-3923","page","type-page","status-publish","hentry"],"acf":[],"_links":{"self":[{"href":"https:\/\/turismoselvadeirati.com\/eu\/wp-json\/wp\/v2\/pages\/3923","targetHints":{"allow":["GET"]}}],"collection":[{"href":"https:\/\/turismoselvadeirati.com\/eu\/wp-json\/wp\/v2\/pages"}],"about":[{"href":"https:\/\/turismoselvadeirati.com\/eu\/wp-json\/wp\/v2\/types\/page"}],"author":[{"embeddable":true,"href":"https:\/\/turismoselvadeirati.com\/eu\/wp-json\/wp\/v2\/users\/1"}],"replies":[{"embeddable":true,"href":"https:\/\/turismoselvadeirati.com\/eu\/wp-json\/wp\/v2\/comments?post=3923"}],"version-history":[{"count":0,"href":"https:\/\/turismoselvadeirati.com\/eu\/wp-json\/wp\/v2\/pages\/3923\/revisions"}],"wp:attachment":[{"href":"https:\/\/turismoselvadeirati.com\/eu\/wp-json\/wp\/v2\/media?parent=3923"}],"curies":[{"name":"wp","href":"https:\/\/api.w.org\/{rel}","templated":true}]}}