{"id":3685,"date":"2024-08-01T14:08:39","date_gmt":"2024-08-01T14:08:39","guid":{"rendered":"https:\/\/turismoselvadeirati.com\/ekintzak\/paisai-ahostunak\/"},"modified":"2025-10-24T09:31:12","modified_gmt":"2025-10-24T09:31:12","slug":"paisai-ahostunak","status":"publish","type":"page","link":"https:\/\/turismoselvadeirati.com\/eu\/ekintzak\/paisai-ahostunak\/","title":{"rendered":"Paisai ahostunak"},"content":{"rendered":"<div id=\"ez-toc-container\" class=\"ez-toc-v2_0_82_2 ez-toc-wrap-center counter-hierarchy ez-toc-counter ez-toc-grey ez-toc-container-direction\">\n<div class=\"ez-toc-title-container\">\n<p class=\"ez-toc-title ez-toc-toggle\" style=\"cursor:pointer\">Contenido de la p\u00e1gina<\/p>\n<span class=\"ez-toc-title-toggle\"><a href=\"#\" class=\"ez-toc-pull-right ez-toc-btn ez-toc-btn-xs ez-toc-btn-default ez-toc-toggle\" aria-label=\"Toggle Table of Content\"><span class=\"ez-toc-js-icon-con\"><span class=\"\"><span class=\"eztoc-hide\" style=\"display:none;\">Toggle<\/span><span class=\"ez-toc-icon-toggle-span\"><svg style=\"fill: #999;color:#999\" xmlns=\"http:\/\/www.w3.org\/2000\/svg\" class=\"list-377408\" width=\"20px\" height=\"20px\" viewBox=\"0 0 24 24\" fill=\"none\"><path d=\"M6 6H4v2h2V6zm14 0H8v2h12V6zM4 11h2v2H4v-2zm16 0H8v2h12v-2zM4 16h2v2H4v-2zm16 0H8v2h12v-2z\" fill=\"currentColor\"><\/path><\/svg><svg style=\"fill: #999;color:#999\" class=\"arrow-unsorted-368013\" xmlns=\"http:\/\/www.w3.org\/2000\/svg\" width=\"10px\" height=\"10px\" viewBox=\"0 0 24 24\" version=\"1.2\" baseProfile=\"tiny\"><path d=\"M18.2 9.3l-6.2-6.3-6.2 6.3c-.2.2-.3.4-.3.7s.1.5.3.7c.2.2.4.3.7.3h11c.3 0 .5-.1.7-.3.2-.2.3-.5.3-.7s-.1-.5-.3-.7zM5.8 14.7l6.2 6.3 6.2-6.3c.2-.2.3-.5.3-.7s-.1-.5-.3-.7c-.2-.2-.4-.3-.7-.3h-11c-.3 0-.5.1-.7.3-.2.2-.3.5-.3.7s.1.5.3.7z\"\/><\/svg><\/span><\/span><\/span><\/a><\/span><\/div>\n<nav><ul class='ez-toc-list ez-toc-list-level-1 eztoc-toggle-hide-by-default' ><li class='ez-toc-page-1 ez-toc-heading-level-2'><a class=\"ez-toc-link ez-toc-heading-1\" href=\"https:\/\/turismoselvadeirati.com\/eu\/ekintzak\/paisai-ahostunak\/#ZER_DIRA_SOINU-PAISAIAK\" >ZER DIRA SOINU-PAISAIAK?<\/a><ul class='ez-toc-list-level-3' ><li class='ez-toc-heading-level-3'><a class=\"ez-toc-link ez-toc-heading-2\" href=\"https:\/\/turismoselvadeirati.com\/eu\/ekintzak\/paisai-ahostunak\/#SOINU_BIDIAI_HAU_HASTEKO_PREST_ZAUDETE\" >SOINU BIDIAI HAU HASTEKO PREST ZAUDETE?<\/a><ul class='ez-toc-list-level-4' ><li class='ez-toc-heading-level-4'><a class=\"ez-toc-link ez-toc-heading-3\" href=\"https:\/\/turismoselvadeirati.com\/eu\/ekintzak\/paisai-ahostunak\/#Bidaia_Irati-Orreagan_hasi\" >Bidaia Irati-Orreagan hasi<\/a><\/li><li class='ez-toc-page-1 ez-toc-heading-level-4'><a class=\"ez-toc-link ez-toc-heading-4\" href=\"https:\/\/turismoselvadeirati.com\/eu\/ekintzak\/paisai-ahostunak\/#Erro-Sorogain_ibarreko_paisaia\" >Erro-Sorogain ibarreko paisaia<\/a><\/li><li class='ez-toc-page-1 ez-toc-heading-level-4'><a class=\"ez-toc-link ez-toc-heading-5\" href=\"https:\/\/turismoselvadeirati.com\/eu\/ekintzak\/paisai-ahostunak\/#Artze_ibarreko_soinu_paisaia\" >Artze ibarreko soinu paisaia<\/a><\/li><li class='ez-toc-page-1 ez-toc-heading-level-4'><a class=\"ez-toc-link ez-toc-heading-6\" href=\"https:\/\/turismoselvadeirati.com\/eu\/ekintzak\/paisai-ahostunak\/#Oroz-Beteluko_soinu_paisaia\" >Oroz-Beteluko soinu paisaia<\/a><\/li><li class='ez-toc-page-1 ez-toc-heading-level-4'><a class=\"ez-toc-link ez-toc-heading-7\" href=\"https:\/\/turismoselvadeirati.com\/eu\/ekintzak\/paisai-ahostunak\/#Aezkoa_ibarreko_soinu_paisaia\" >Aezkoa ibarreko soinu paisaia<\/a><\/li><li class='ez-toc-page-1 ez-toc-heading-level-4'><a class=\"ez-toc-link ez-toc-heading-8\" href=\"https:\/\/turismoselvadeirati.com\/eu\/ekintzak\/paisai-ahostunak\/#Luzaideko_Soinu_paisaia\" >Luzaideko Soinu paisaia<\/a><\/li><li class='ez-toc-page-1 ez-toc-heading-level-4'><a class=\"ez-toc-link ez-toc-heading-9\" href=\"https:\/\/turismoselvadeirati.com\/eu\/ekintzak\/paisai-ahostunak\/#Soinu-paisaien_ibilbidea_jarraitzeko_aholkuak\" >Soinu-paisaien ibilbidea jarraitzeko aholkuak<\/a><\/li><li class='ez-toc-page-1 ez-toc-heading-level-4'><a class=\"ez-toc-link ez-toc-heading-10\" href=\"https:\/\/turismoselvadeirati.com\/eu\/ekintzak\/paisai-ahostunak\/#ESKERRIK_ASKO\" >ESKERRIK ASKO<\/a><\/li><\/ul><\/li><\/ul><\/li><\/ul><\/nav><\/div>\n<section class=\"l-section wpb_row us_custom_f0dae6f0 height_custom\"><div class=\"l-section-h i-cf\"><div class=\"g-cols vc_row via_grid cols_1 laptops-cols_inherit tablets-cols_inherit mobiles-cols_1 valign_top type_default stacking_default\"><div class=\"wpb_column vc_column_container\"><div class=\"vc_column-inner\"><div class=\"wpb_text_column us_custom_01ebf509\"><div class=\"wpb_wrapper\"><h2 style=\"text-align: center;\"><span class=\"ez-toc-section\" id=\"ZER_DIRA_SOINU-PAISAIAK\"><\/span>ZER DIRA SOINU-PAISAIAK?<span class=\"ez-toc-section-end\"><\/span><\/h2>\n<p style=\"text-align: center;\"><strong>Soinu Paisaien Ibilbidea<\/strong> bisitatzera gonbidatzen zaituztegu, denboran zehar Iratin -Orreagan bizi izan diren leku eta jendeak gogora ekartzen dituzten soinuetan zehar egindako ibilbide harrigarria.<\/p>\n<\/div><\/div><\/div><\/div><\/div><\/div><\/section><section class=\"l-section wpb_row us_custom_887a049b height_auto\" id=\"mapa\"><div class=\"l-section-h i-cf\"><div class=\"g-cols vc_row via_grid cols_1 laptops-cols_inherit tablets-cols_inherit mobiles-cols_1 valign_top type_default stacking_default\"><div class=\"wpb_column vc_column_container\"><div class=\"vc_column-inner\"><div class=\"g-cols wpb_row hide_on_mobiles via_grid cols_1 laptops-cols_inherit tablets-cols_inherit mobiles-cols_1 valign_top type_default stacking_default\" style=\"--columns-gap:3rem;\"><div class=\"wpb_column vc_column_container\"><div class=\"vc_column-inner\"><div class=\"wpb_text_column\" id=\"mapa-filtros\"><div class=\"wpb_wrapper\"><\/div><\/div><\/div><\/div><\/div><div class=\"g-cols wpb_row via_grid cols_1-3 laptops-cols_inherit tablets-cols_inherit mobiles-cols_1 valign_top type_default stacking_default\" style=\"--columns-gap:0px;\"><div class=\"wpb_column vc_column_container\" id=\"mapa-items\"><div class=\"vc_column-inner\"><\/div><\/div><div class=\"wpb_column vc_column_container\"><div class=\"vc_column-inner\"><div class=\"wpb_text_column\"><div class=\"wpb_wrapper\">\n\t\t\t\t<div class='mapster-wp-maps-container'>\n\t\t\t\t<div class='mapster-wp-maps-loader-container' style='height: 800px;width: 100%;'>\n\t\t\t\t\t<div class='mapster-map-loader-initial' style='background-color: rgba(255,255,255,0.6)'>\n\t\t\t\t\t\t<svg stroke=\"rgba(0, 0, 0, 0.3)\" fill=\"rgba(0, 0, 0, 0.3)\"width=\"38\" height=\"38\" viewBox=\"0 0 38 38\" xmlns=\"http:\/\/www.w3.org\/2000\/svg\" stroke=\"#fff\"> <g fill=\"none\" fill-rule=\"evenodd\"> <g transform=\"translate(1 1)\" stroke-width=\"2\"> <circle stroke-opacity=\".5\" cx=\"18\" cy=\"18\" r=\"18\"\/> <path d=\"M36 18c0-9.94-8.06-18-18-18\"> <animateTransform attributeName=\"transform\" type=\"rotate\" from=\"0 18 18\" to=\"360 18 18\" dur=\"1s\" repeatCount=\"indefinite\"\/> <\/path> <\/g> <\/g> <\/svg>\n\t\t\t\t\t<\/div>\n\t\t\t\t<\/div>\n\t\t\t\t<div class='mapster-wp-maps'\n\t\t\t\t\tid='mapster-wp-maps-2818'\n\t\t\t\t\tdata-id='2818'\n\t\t\t\t\tdata-latitude='null'\n\t\t\t\t\tdata-longitude='null'\n\t\t\t\t\tdata-zoom='null'\n\t\t\t\t\tdata-single_feature_id=''\n\t\t\t\t\tdata-feature_ids=''>\n\t\t\t\t<\/div>\n\t\t\t\t\n\t\t\t<\/div>\n\t\t\n<\/div><\/div><\/div><\/div><\/div><\/div><\/div><\/div><\/div><\/section><section class=\"l-section wpb_row us_custom_1b0f098a height_custom\"><div class=\"l-section-h i-cf\"><div class=\"g-cols vc_row via_grid cols_1 laptops-cols_inherit tablets-cols_inherit mobiles-cols_1 valign_top type_default stacking_default\"><div class=\"wpb_column vc_column_container\"><div class=\"vc_column-inner\"><div class=\"wpb_text_column\"><div class=\"wpb_wrapper\"><p style=\"text-align: justify;\">Zalantzarik gabe, gaur egun, dena agudo egiten dugu, baita bidaiatzea ere. Argazki bilduma ederra egiten dugu gure bidaietan: monumentuak, lekuak, otorduak, zeharkatzen ditugun errepideak, etab. Hori dela eta, <strong>Irati-Orreaga Turismo Elkartean<\/strong> errepideak bertzela zeharkatzera gonbidatu nahi zaituztegu, eta bertzela bisitatzera monumentuak\u2026 Polikiago bidaiatzera gonbidatzen zaituztegu, mendi-bazterrak goxo-goxo gozatzera, lurralde ezin ederrago hau ulertzera. Gizakiak moldaturik dago aspaldi-aspalditik, eguneroko lanen bidez, ingurunea ulertzeko moduaren bidez, azienda eta lurra zainduz\u2026<\/p>\n<p style=\"text-align: justify;\">Horretarako, paisaietako soinuen ibilbidea sortu dugu. Ibilbide egokia da zuek denboran bidaia egiteko, gure lurralde honetan historiaurretik gaur eguneraino bizi izaniko hainbat gizon-emakumeren kontakizunak entzuteko. Hona hemen:<br \/>\n<strong>Artzai<\/strong>, historiaurrean mendietan bizi izan zen artzaina. <strong>Ur<\/strong>, erromatar galtzadan lan egiten zuen hargina, <strong>Graziana<\/strong>, XVI. mendean erromes ospitale bat gobernatu zuen emakumea. <strong>Jesus<\/strong> eta <strong>Ignacio<\/strong>, gaztetan, kontrabandoan eta enbor-garraioan aritutakoak, hurrenez hurren.<\/p>\n<\/div><\/div><\/div><\/div><\/div><\/div><\/section><section class=\"l-section wpb_row us_custom_f07d7d8e height_custom\"><div class=\"l-section-h i-cf\"><div class=\"g-cols vc_row via_grid cols_1 laptops-cols_inherit tablets-cols_inherit mobiles-cols_1 valign_top type_default stacking_default\"><div class=\"wpb_column vc_column_container\"><div class=\"vc_column-inner\"><h3 class=\"w-text us_custom_eb849559\"><span class=\"ez-toc-section\" id=\"SOINU_BIDIAI_HAU_HASTEKO_PREST_ZAUDETE\"><\/span><span class=\"w-text-h\"><span class=\"w-text-value\">SOINU BIDIAI HAU HASTEKO PREST ZAUDETE?<\/span><\/span><span class=\"ez-toc-section-end\"><\/span><\/h3><\/div><\/div><\/div><\/div><\/section><section class=\"l-section wpb_row us_custom_08cef57b height_custom\"><div class=\"l-section-h i-cf\"><div class=\"g-cols vc_row via_grid cols_3 laptops-cols_inherit tablets-cols_3 mobiles-cols_1 valign_middle type_default stacking_default\" style=\"--columns-gap:0.5rem;--laptops-columns-gap:0.5rem;--tablets-columns-gap:0.5rem;--mobiles-columns-gap:0.5rem;\"><div class=\"wpb_column vc_column_container us_custom_cb65bbad has_text_color has_bg_color\"><div class=\"vc_column-overlay\" style=\"background:rgba(142,93,90,0.10)\"><\/div><div class=\"vc_column-inner\"><h4 class=\"w-text us_custom_905ee592 has_text_color\"><span class=\"ez-toc-section\" id=\"Bidaia_Irati-Orreagan_hasi\"><\/span><span class=\"w-text-h\"><span class=\"w-text-value\">Bidaia Irati-Orreagan hasi<\/span><\/span><span class=\"ez-toc-section-end\"><\/span><\/h4><div class=\"w-separator size_small\"><\/div><div class=\"w-btn-wrapper align_center\"><a class=\"w-btn us-btn-style_1\" href=\"https:\/\/turismoselvadeirati.com\/eu\/ekintzak\/paisai-ahostunak\/bidaia-hasi-da\/\"><span class=\"w-btn-label\">ENTZUN<\/span><\/a><\/div><\/div><\/div><div class=\"wpb_column vc_column_container us_custom_56063797 has_text_color has_bg_color\"><div class=\"vc_column-overlay\" style=\"background:rgba(142,93,90,0.10)\"><\/div><div class=\"vc_column-inner\"><h4 class=\"w-text us_custom_905ee592 has_text_color\"><span class=\"ez-toc-section\" id=\"Erro-Sorogain_ibarreko_paisaia\"><\/span><span class=\"w-text-h\"><span class=\"w-text-value\">Erro-Sorogain ibarreko paisaia<\/span><\/span><span class=\"ez-toc-section-end\"><\/span><\/h4><div class=\"w-separator size_small\"><\/div><div class=\"w-btn-wrapper align_none\"><a class=\"w-btn us-btn-style_1\" href=\"https:\/\/turismoselvadeirati.com\/eu\/ekintzak\/paisai-ahostunak\/sorogain\/\"><span class=\"w-btn-label\">ENTZUN<\/span><\/a><\/div><\/div><\/div><div class=\"wpb_column vc_column_container us_custom_1cb44b51 has_text_color has_bg_color\"><div class=\"vc_column-overlay\" style=\"background:rgba(142,93,90,0.10)\"><\/div><div class=\"vc_column-inner\"><h4 class=\"w-text us_custom_905ee592 has_text_color\"><span class=\"ez-toc-section\" id=\"Artze_ibarreko_soinu_paisaia\"><\/span><span class=\"w-text-h\"><span class=\"w-text-value\">Artze ibarreko soinu paisaia<\/span><\/span><span class=\"ez-toc-section-end\"><\/span><\/h4><div class=\"w-separator size_small\"><\/div><div class=\"w-btn-wrapper align_center\"><a class=\"w-btn us-btn-style_1\" href=\"https:\/\/turismoselvadeirati.com\/eu\/ekintzak\/paisai-ahostunak\/artze\/\"><span class=\"w-btn-label\">ENTZUN<\/span><\/a><\/div><\/div><\/div><\/div><\/div><\/section><section class=\"l-section wpb_row us_custom_b34d6733 height_custom\"><div class=\"l-section-h i-cf\"><div class=\"g-cols vc_row via_grid cols_3 laptops-cols_inherit tablets-cols_3 mobiles-cols_1 valign_middle type_default stacking_default\" style=\"--columns-gap:0.5rem;--laptops-columns-gap:0.5rem;--tablets-columns-gap:0.5rem;--mobiles-columns-gap:0.5rem;\"><div class=\"wpb_column vc_column_container us_custom_4e912037 has_text_color has_bg_color\"><div class=\"vc_column-overlay\" style=\"background:rgba(142,93,90,0.10)\"><\/div><div class=\"vc_column-inner\"><h4 class=\"w-text us_custom_905ee592 has_text_color\"><span class=\"ez-toc-section\" id=\"Oroz-Beteluko_soinu_paisaia\"><\/span><span class=\"w-text-h\"><span class=\"w-text-value\">Oroz-Beteluko soinu paisaia<\/span><\/span><span class=\"ez-toc-section-end\"><\/span><\/h4><div class=\"w-separator size_small\"><\/div><div class=\"w-btn-wrapper align_none\"><a class=\"w-btn us-btn-style_1\" href=\"https:\/\/turismoselvadeirati.com\/eu\/ekintzak\/paisai-ahostunak\/oroz-betelu\/\"><span class=\"w-btn-label\">ENTZUN<\/span><\/a><\/div><\/div><\/div><div class=\"wpb_column vc_column_container us_custom_86925f4d has_text_color has_bg_color\"><div class=\"vc_column-overlay\" style=\"background:rgba(142,93,90,0.10)\"><\/div><div class=\"vc_column-inner\"><h4 class=\"w-text us_custom_905ee592 has_text_color\"><span class=\"ez-toc-section\" id=\"Aezkoa_ibarreko_soinu_paisaia\"><\/span><span class=\"w-text-h\"><span class=\"w-text-value\">Aezkoa ibarreko soinu paisaia<\/span><\/span><span class=\"ez-toc-section-end\"><\/span><\/h4><div class=\"w-separator size_small\"><\/div><div class=\"w-btn-wrapper align_none\"><a class=\"w-btn us-btn-style_1\" href=\"https:\/\/turismoselvadeirati.com\/eu\/ekintzak\/paisai-ahostunak\/azpegui\/\"><span class=\"w-btn-label\">ENTZUN<\/span><\/a><\/div><\/div><\/div><div class=\"wpb_column vc_column_container us_custom_5731be5c has_text_color has_bg_color\"><div class=\"vc_column-overlay\" style=\"background:rgba(142,93,90,0.10)\"><\/div><div class=\"vc_column-inner\"><h4 class=\"w-text us_custom_905ee592 has_text_color\"><span class=\"ez-toc-section\" id=\"Luzaideko_Soinu_paisaia\"><\/span><span class=\"w-text-h\"><span class=\"w-text-value\">Luzaideko Soinu paisaia<\/span><\/span><span class=\"ez-toc-section-end\"><\/span><\/h4><div class=\"w-separator size_small\"><\/div><div class=\"w-btn-wrapper align_none\"><a class=\"w-btn us-btn-style_1\" href=\"https:\/\/turismoselvadeirati.com\/eu\/ekintzak\/paisai-ahostunak\/luzaide\/\"><span class=\"w-btn-label\">ENTZUN<\/span><\/a><\/div><\/div><\/div><\/div><\/div><\/section><section class=\"l-section wpb_row us_custom_de693e9e height_custom\"><div class=\"l-section-h i-cf\"><div class=\"g-cols vc_row via_grid cols_1 laptops-cols_inherit tablets-cols_inherit mobiles-cols_1 valign_top type_default stacking_default\"><div class=\"wpb_column vc_column_container\"><div class=\"vc_column-inner\"><div class=\"w-tabs style_default switch_click accordion has_scrolling\" style=\"--sections-title-size:inherit\"><div class=\"w-tabs-sections titles-align_none icon_chevron cpos_right\"><div class=\"w-tabs-section active\" id=\"a200\"><button class=\"w-tabs-section-header active\" aria-controls=\"content-a200\" aria-expanded=\"true\"><h4 class=\"w-tabs-section-title\"><span class=\"ez-toc-section\" id=\"Soinu-paisaien_ibilbidea_jarraitzeko_aholkuak\"><\/span>Soinu-paisaien ibilbidea jarraitzeko aholkuak<span class=\"ez-toc-section-end\"><\/span><\/h4><div class=\"w-tabs-section-control\"><\/div><\/button><div  class=\"w-tabs-section-content\" id=\"content-a200\"><div class=\"w-tabs-section-content-h i-cf\"><div class=\"wpb_text_column\"><div class=\"wpb_wrapper\"><ul>\n<li style=\"text-align: justify;\">Ibilbidea 5 puntuetako edozeinetatik has daiteke, <strong>edozein ordenatan<\/strong>.<\/li>\n<li style=\"text-align: justify;\">Kontakizunak gaztelaniaz eta\/edo euskaraz entzutea gomendatzen dizuegu, <strong>kaskoekin<\/strong>.<\/li>\n<li style=\"text-align: justify;\">Estaldura mugikor zaileko bi leku daude, Azpegi eta Sorogain gainak, eta, beraz, <strong>deskargatuta<\/strong> dauden ibilbideak eramatea eta bertan entzutea gomendatzen dugu. Gainera, elurra egiten duenean, ez dugu gomendatzen ibilbidea bi puntu horietan egitea.<\/li>\n<li style=\"text-align: justify;\">Kartelak dauden lekuetara iristeko, paisaia bakoitzaren <strong>mapan<\/strong> eta bertako argazkian zehar gidatu.<\/li>\n<li style=\"text-align: justify;\">Bost kartelek<strong> 2 QR <\/strong>dituzte, ezkerrekoa denetan errepikatzen da eta ibilbideari ongi etorria ematen diona da. Eskuinekoa leku bakoitzeko soinu-paisaia da.<\/li>\n<li style=\"text-align: justify;\">Azpegi-Luzaideko goiko bidea (edo alderantziz) egin daiteke asfaltatutako hiru pista politen bidez.<\/li>\n<\/ul>\n<\/div><\/div><\/div><\/div><\/div><\/div><\/div><div class=\"w-tabs style_default switch_click accordion has_scrolling\" style=\"--sections-title-size:inherit\"><div class=\"w-tabs-sections titles-align_none icon_chevron cpos_right\"><div class=\"w-tabs-section\" id=\"s330\"><button class=\"w-tabs-section-header\" aria-controls=\"content-s330\" aria-expanded=\"false\"><h4 class=\"w-tabs-section-title\"><span class=\"ez-toc-section\" id=\"ESKERRIK_ASKO\"><\/span>ESKERRIK ASKO<span class=\"ez-toc-section-end\"><\/span><\/h4><div class=\"w-tabs-section-control\"><\/div><\/button><div  class=\"w-tabs-section-content\" id=\"content-s330\"><div class=\"w-tabs-section-content-h i-cf\"><div class=\"wpb_text_column\"><div class=\"wpb_wrapper\"><div class=\"wpb_text_column wpb_content_element vc_custom_1614959724014\">\n<div class=\"wpb_wrapper\">\n<p style=\"text-align: justify;\">Lerro hauetatik eskerrak eman nahi dizkiegu &#8220;soinu-paisaien&#8221; ibilbide hau posible egin duzuen pertsona guztiei. Talde-lan bat egin dugu, <strong>non pertsona bakoitzak <\/strong>bere aletxoa jarri duen, batzuk borondatez eta beste batzuk bere lanaren bidez.<\/p>\n<p style=\"text-align: justify;\">Mila esker lagundu diguzuen eta gidoiak eta grabazioak egiten <strong>modu altruistan<\/strong> parte hartu duzuen pertsona hauei: Ainara Landa Iroz, Jos\u00e9 Javier Uriz Monaut, Juan M\u00aa Mart\u00ednez Txoperena, Jes\u00fas Urroz, Ignacio Beaumont Oroz, Suberri Matelo Mitxelena, Ainhoa Mend\u00eda, Oihane Mendizabal, Toti Mart\u00ednez de Lezea, Karmele Galarza, Joseba Mart\u00ednez, Juan Retegi, Jos\u00e9 Alberto Erburu eta Alicia Mendive.<\/p>\n<p style=\"text-align: justify;\">Halaber, <strong>Irati Orreaga<\/strong> <strong>Turismo Elkarteko<\/strong> Luismi Montoya, Koldo Villalba, Lucrecia S\u00e1nchez, Ion Retegi, Patricia Carballo eta Adriana Marmaunek osatutako talde boluntarioari <strong>esker<\/strong>, proiektu hau guztia aurrera ateratzeagatik.<\/p>\n<p style=\"text-align: justify;\">Luzaide\/Valcarlos, Aezkoa, Oroz-Betelu, Arce\/Artzibar eta Erro\/Erroibarko <strong>udalei<\/strong> eskerrak eman behar dizkiegu QR kartelak jartzeko lekua uzteagatik.<\/p>\n<p style=\"text-align: justify;\">Eskerrik asko abentura honetan gurekin izan zareten <strong>enpresei<\/strong> ere:<\/p>\n<ul style=\"text-align: justify;\">\n<li><a href=\"https:\/\/www.linkedin.com\/in\/kattalin-barber-6a0a2380\/?originalSubdomain=es\" target=\"_blank\" rel=\"noopener noreferrer\">Kattalin Barber<\/a>, grabazioak egin dituen Artze bailarako kazetaria.<\/li>\n<li><a href=\"https:\/\/cuonda.com\/\" target=\"_blank\" rel=\"noopener noreferrer\">Kuonda<\/a>, eta bereziki <a href=\"https:\/\/www.linkedin.com\/in\/pablo-juanarena-972b2297\/?originalSubdomain=es\" target=\"_blank\" rel=\"noopener noreferrer\">Pablo Juanarena<\/a> (kasualitatez haran hauen ondorengoa) eta <a href=\"https:\/\/www.linkedin.com\/in\/andreszarta\/\" target=\"_blank\" rel=\"noopener noreferrer\">Andres Zarta<\/a> postprodukzioagatik.<\/li>\n<li>Ana Vicenteri, <a href=\"http:\/\/www.aezkoanet.com\/\" target=\"_blank\" rel=\"noopener noreferrer\">Aezkoanet<\/a>, hau da, gure webgunea \u201czaintzen\u201d duenari.<\/li>\n<\/ul>\n<\/div>\n<\/div>\n<div class=\"vc_separator wpb_content_element vc_separator_align_center vc_sep_width_100 vc_sep_border_width_3 vc_sep_pos_align_center vc_separator_no_text vc_sep_color_grey\" style=\"text-align: justify;\"><\/div>\n<div class=\"wpb_text_column wpb_content_element vc_custom_1572597324547\">\n<div class=\"wpb_wrapper\">\n<p style=\"text-align: justify;\"><img decoding=\"async\" class=\" wp-image-6906 alignleft\" src=\"https:\/\/turismoselvadeirati.com\/wp-content\/uploads\/totimartinez.avif\" alt=\"Totimartinez\" width=\"273\" height=\"202\" title=\"\">Ibilbide honek ez luke zentzurik izango gidoiak, grabazioak eta abar egin dituzten pertsonarik gabe, eta, beraz, eskerrik asko guztioi&#8230;<\/p>\n<p style=\"text-align: justify;\">eta, zalantzarik gabe, letra larriz idatzitako ESKERRIK ASKO <a href=\"http:\/\/martinezdelezea.com\/\" target=\"_blank\" rel=\"noopener\">Toti Mart\u00ednez de Lezea<\/a> idazle arabarrarentzat da, ospe handiko idazle arabarrarentzat, zeinak bere ahotsa eta &#8220;hitzekin jolasten jakitea&#8221; eskaini baitigu, sarrera bat egiteko. Sarrera horretan, lurralde zoragarri honetara beste ikuspegi batetik bidaiatzera gonbidatzen zaitu, herri eta haran horiek dastatzera, aspalditik su motelean, gogoraezinean, gerra, elur, bataila eta abarretan bizirik iraun duen baina oraindik bizirik dirauen jakitearekin.<\/p>\n<p style=\"text-align: justify;\">Egile oparoa, gazteentzako literatura idatzi du <em>El mensajero del rey, La hija de la Luna, Antxo III Nagusia<\/em> eta <em>Muerte en el priorato<\/em> izenburuekin. Haurren tartean, Nur da bere pertsonaia izarra, bere biloban inspiratua. Gainera, zortzi ipuin argitaratu ditu <em>\u00c9rase vez<\/em>&#8230;<\/p>\n<p style=\"text-align: justify;\">Euskarara, frantsesera, alemanera, portugesera, txinerara eta errusierara itzuli da. Normalean, hainbat komunikabiderekin kolaboratzen du, eta hitzaldiak ematen ditu unibertsitateetan, kultura-elkarteetan eta ikastetxeetan.<\/p>\n<p style=\"text-align: justify;\">Gaztelaniaz eta euskaraz idazten du, Europako Erdi Aroan eta, bereziki, historian eta tradizioetan interesa agertuz.<\/p>\n<p style=\"text-align: justify;\">Bere <a href=\"https:\/\/www.erein.eus\/autor\/toti-martinez-de-lezea\" target=\"_blank\" rel=\"noopener\">liburuetarako<\/a> esteka bat uzten dizuegu.<\/p>\n<p style=\"text-align: justify;\"><picture class=\"size-full wp-image-1058 aligncenter\"><source srcset=\"https:\/\/turismoselvadeirati.com\/wp-content\/uploads\/logotipo-reyno-de-navarra.jpg.webp\" type=\"image\/webp\" \/><\/picture>\n<picture class=\"size-full wp-image-1058 aligncenter\"><img decoding=\"async\" src=\"https:\/\/turismoselvadeirati.com\/wp-content\/uploads\/logotipo-reyno-de-navarra.jpg\" alt=\"Logotipo Reyno de Navarra\" width=\"252\" height=\"96\" title=\"\"><\/picture>\nEta, azkenik, Nafarroako Gobernuko turismo departamentuari, haren laguntza ekonomikorik gabe ezinezkoa zatekeelako gurea bezalako elkarte txiki batentzat hain proiektu handia biltzea.<\/p>\n<\/div>\n<\/div>\n<\/div><\/div><\/div><\/div><\/div><\/div><\/div><\/div><\/div><\/div><\/div><\/section>\n","protected":false},"excerpt":{"rendered":"ZER DIRA SOINU-PAISAIAK? Soinu Paisaien Ibilbidea bisitatzera gonbidatzen zaituztegu, denboran zehar Iratin -Orreagan bizi izan diren leku eta jendeak gogora ekartzen dituzten soinuetan zehar egindako ibilbide harrigarria. Zalantzarik gabe, gaur egun, dena agudo egiten dugu, baita bidaiatzea ere. Argazki bilduma ederra egiten dugu gure bidaietan: monumentuak, lekuak, otorduak, zeharkatzen ditugun errepideak, etab. Hori dela eta,...","protected":false},"author":1,"featured_media":0,"parent":3604,"menu_order":58,"comment_status":"closed","ping_status":"closed","template":"","meta":{"_acf_changed":false,"footnotes":""},"class_list":["post-3685","page","type-page","status-publish","hentry"],"acf":[],"_links":{"self":[{"href":"https:\/\/turismoselvadeirati.com\/eu\/wp-json\/wp\/v2\/pages\/3685","targetHints":{"allow":["GET"]}}],"collection":[{"href":"https:\/\/turismoselvadeirati.com\/eu\/wp-json\/wp\/v2\/pages"}],"about":[{"href":"https:\/\/turismoselvadeirati.com\/eu\/wp-json\/wp\/v2\/types\/page"}],"author":[{"embeddable":true,"href":"https:\/\/turismoselvadeirati.com\/eu\/wp-json\/wp\/v2\/users\/1"}],"replies":[{"embeddable":true,"href":"https:\/\/turismoselvadeirati.com\/eu\/wp-json\/wp\/v2\/comments?post=3685"}],"version-history":[{"count":1,"href":"https:\/\/turismoselvadeirati.com\/eu\/wp-json\/wp\/v2\/pages\/3685\/revisions"}],"predecessor-version":[{"id":5043,"href":"https:\/\/turismoselvadeirati.com\/eu\/wp-json\/wp\/v2\/pages\/3685\/revisions\/5043"}],"up":[{"embeddable":true,"href":"https:\/\/turismoselvadeirati.com\/eu\/wp-json\/wp\/v2\/pages\/3604"}],"wp:attachment":[{"href":"https:\/\/turismoselvadeirati.com\/eu\/wp-json\/wp\/v2\/media?parent=3685"}],"curies":[{"name":"wp","href":"https:\/\/api.w.org\/{rel}","templated":true}]}}