{"id":3623,"date":"2024-09-06T13:22:41","date_gmt":"2024-09-06T13:22:41","guid":{"rendered":"https:\/\/turismoselvadeirati.com\/ekintzak\/kultur-ondarea\/garaien-ibilbidea-nafarroan\/"},"modified":"2025-10-24T09:54:43","modified_gmt":"2025-10-24T09:54:43","slug":"garaien-ibilbidea-nafarroan","status":"publish","type":"page","link":"https:\/\/turismoselvadeirati.com\/eu\/ekintzak\/kultur-ondarea\/garaien-ibilbidea-nafarroan\/","title":{"rendered":"Garaien Ibilbidea Nafarroan: Ezagutu Nafarroako Tradizioa"},"content":{"rendered":"<div id=\"ez-toc-container\" class=\"ez-toc-v2_0_82_2 ez-toc-wrap-center counter-hierarchy ez-toc-counter ez-toc-grey ez-toc-container-direction\">\n<div class=\"ez-toc-title-container\">\n<p class=\"ez-toc-title ez-toc-toggle\" style=\"cursor:pointer\">Contenido de la p\u00e1gina<\/p>\n<span class=\"ez-toc-title-toggle\"><a href=\"#\" class=\"ez-toc-pull-right ez-toc-btn ez-toc-btn-xs ez-toc-btn-default ez-toc-toggle\" aria-label=\"Toggle Table of Content\"><span class=\"ez-toc-js-icon-con\"><span class=\"\"><span class=\"eztoc-hide\" style=\"display:none;\">Toggle<\/span><span class=\"ez-toc-icon-toggle-span\"><svg style=\"fill: #999;color:#999\" xmlns=\"http:\/\/www.w3.org\/2000\/svg\" class=\"list-377408\" width=\"20px\" height=\"20px\" viewBox=\"0 0 24 24\" fill=\"none\"><path d=\"M6 6H4v2h2V6zm14 0H8v2h12V6zM4 11h2v2H4v-2zm16 0H8v2h12v-2zM4 16h2v2H4v-2zm16 0H8v2h12v-2z\" fill=\"currentColor\"><\/path><\/svg><svg style=\"fill: #999;color:#999\" class=\"arrow-unsorted-368013\" xmlns=\"http:\/\/www.w3.org\/2000\/svg\" width=\"10px\" height=\"10px\" viewBox=\"0 0 24 24\" version=\"1.2\" baseProfile=\"tiny\"><path d=\"M18.2 9.3l-6.2-6.3-6.2 6.3c-.2.2-.3.4-.3.7s.1.5.3.7c.2.2.4.3.7.3h11c.3 0 .5-.1.7-.3.2-.2.3-.5.3-.7s-.1-.5-.3-.7zM5.8 14.7l6.2 6.3 6.2-6.3c.2-.2.3-.5.3-.7s-.1-.5-.3-.7c-.2-.2-.4-.3-.7-.3h-11c-.3 0-.5.1-.7.3-.2.2-.3.5-.3.7s.1.5.3.7z\"\/><\/svg><\/span><\/span><\/span><\/a><\/span><\/div>\n<nav><ul class='ez-toc-list ez-toc-list-level-1 eztoc-toggle-hide-by-default' ><li class='ez-toc-page-1 ez-toc-heading-level-2'><a class=\"ez-toc-link ez-toc-heading-1\" href=\"https:\/\/turismoselvadeirati.com\/eu\/ekintzak\/kultur-ondarea\/garaien-ibilbidea-nafarroan\/#%C2%BFQUE_SON_LOS_HORREOS\" >\u00bfQU\u00c9 SON LOS H\u00d3RREOS?<\/a><\/li><li class='ez-toc-page-1 ez-toc-heading-level-2'><a class=\"ez-toc-link ez-toc-heading-2\" href=\"https:\/\/turismoselvadeirati.com\/eu\/ekintzak\/kultur-ondarea\/garaien-ibilbidea-nafarroan\/#RECORRIDO_POR_LA_RUTA_DE_LOS_HORREOS\" >RECORRIDO POR LA RUTA DE LOS H\u00d3RREOS<\/a><ul class='ez-toc-list-level-3' ><li class='ez-toc-heading-level-3'><a class=\"ez-toc-link ez-toc-heading-3\" href=\"https:\/\/turismoselvadeirati.com\/eu\/ekintzak\/kultur-ondarea\/garaien-ibilbidea-nafarroan\/#BISITATU_BEHARREKO_GARAI_NAGUSIAK\" >BISITATU BEHARREKO GARAI NAGUSIAK<\/a><\/li><li class='ez-toc-page-1 ez-toc-heading-level-3'><a class=\"ez-toc-link ez-toc-heading-4\" href=\"https:\/\/turismoselvadeirati.com\/eu\/ekintzak\/kultur-ondarea\/garaien-ibilbidea-nafarroan\/#EJEMPLAR_ROMANICO\" >EJEMPLAR ROM\u00c1NICO<\/a><\/li><\/ul><\/li><li class='ez-toc-page-1 ez-toc-heading-level-2'><a class=\"ez-toc-link ez-toc-heading-5\" href=\"https:\/\/turismoselvadeirati.com\/eu\/ekintzak\/kultur-ondarea\/garaien-ibilbidea-nafarroan\/#INFORMAZIO_PRAKTIKOA\" >INFORMAZIO PRAKTIKOA<\/a><\/li><li class='ez-toc-page-1 ez-toc-heading-level-2'><a class=\"ez-toc-link ez-toc-heading-6\" href=\"https:\/\/turismoselvadeirati.com\/eu\/ekintzak\/kultur-ondarea\/garaien-ibilbidea-nafarroan\/#PLANIFIKATU_ZURE_BIDAIA\" >PLANIFIKATU ZURE BIDAIA<\/a><\/li><li class='ez-toc-page-1 ez-toc-heading-level-2'><a class=\"ez-toc-link ez-toc-heading-7\" href=\"https:\/\/turismoselvadeirati.com\/eu\/ekintzak\/kultur-ondarea\/garaien-ibilbidea-nafarroan\/#EZ_AHAZTU%E2%80%A6\" >EZ AHAZTU&#8230;<\/a><\/li><li class='ez-toc-page-1 ez-toc-heading-level-2'><a class=\"ez-toc-link ez-toc-heading-8\" href=\"https:\/\/turismoselvadeirati.com\/eu\/ekintzak\/kultur-ondarea\/garaien-ibilbidea-nafarroan\/#GALDU_EZIN_DITUZUN_BESTE_LEKU_BATZUK\" >GALDU EZIN DITUZUN BESTE LEKU BATZUK<\/a><\/li><\/ul><\/nav><\/div>\n<section class=\"l-section wpb_row us_custom_f0dae6f0 height_custom\"><div class=\"l-section-h i-cf\"><div class=\"g-cols vc_row via_grid cols_1 laptops-cols_inherit tablets-cols_inherit mobiles-cols_1 valign_top type_default stacking_default\"><div class=\"wpb_column vc_column_container\"><div class=\"vc_column-inner\"><div class=\"wpb_text_column\"><div class=\"wpb_wrapper\"><h2 style=\"text-align: center;\"><span class=\"ez-toc-section\" id=\"%C2%BFQUE_SON_LOS_HORREOS\"><\/span><strong>\u00bfQU\u00c9 SON LOS H\u00d3RREOS?<\/strong><span class=\"ez-toc-section-end\"><\/span><\/h2>\n<\/div><\/div><div class=\"w-separator size_small\"><\/div><div class=\"wpb_text_column\"><div class=\"wpb_wrapper\"><p style=\"text-align: center;\">De los 22 h\u00f3rreos que se conservan en Navarra, 15 se hallan en el Valle de Aezkoa. Casi todos los pueblos tienen alguno y, adem\u00e1s, est\u00e1n muy bien conservados.<\/p>\n<\/div><\/div><\/div><\/div><\/div><\/div><\/section><section class=\"l-section wpb_row us_custom_3b5e9c7e height_huge color_secondary with_img parallax_ver\"><div class=\"l-section-img\" role=\"img\" aria-label=\"Patrimonio cultural - Ruta de los H\u00f3rreos\" data-img-width=\"600\" data-img-height=\"400\" style=\"background-image: url(https:\/\/turismoselvadeirati.com\/wp-content\/uploads\/horreo-en-Hiriberri-villanueva-aezkoa.avif);background-repeat: no-repeat;\"><\/div><div class=\"l-section-overlay\" style=\"background:linear-gradient(90deg,#000,rgba(0,0,0,0.00))\"><\/div><div class=\"l-section-h i-cf\"><div class=\"g-cols vc_row via_grid cols_1 laptops-cols_inherit tablets-cols_1 mobiles-cols_1 valign_top type_default reversed stacking_default\" style=\"--columns-gap:0rem;\"><div class=\"wpb_column vc_column_container us_custom_e5713a0c\"><div class=\"vc_column-inner\"><div class=\"wpb_text_column\"><div class=\"wpb_wrapper\"><h2><span class=\"ez-toc-section\" id=\"RECORRIDO_POR_LA_RUTA_DE_LOS_HORREOS\"><\/span><strong>RECORRIDO POR LA RUTA DE LOS H\u00d3RREOS<\/strong><span class=\"ez-toc-section-end\"><\/span><\/h2>\n<\/div><\/div><div class=\"w-separator size_small\"><\/div><div class=\"wpb_text_column us_custom_487d8441 has_text_color\"><div class=\"wpb_wrapper\"><\/div><\/div><\/div><\/div><\/div><\/div><\/section><section class=\"l-section wpb_row us_custom_07622f62 height_custom\"><div class=\"l-section-overlay\" style=\"background:linear-gradient(180deg,rgba(0,0,0,0.05),rgba(0,0,0,0.00))\"><\/div><div class=\"l-section-h i-cf\"><div class=\"g-cols vc_row via_grid cols_1-2 laptops-cols_inherit tablets-cols_inherit mobiles-cols_1 valign_top type_default stacking_default\" style=\"--columns-gap:4vw;\"><div class=\"wpb_column vc_column_container type_sticky\"><div class=\"vc_column-inner\"><div class=\"w-separator size_medium\"><\/div><div class=\"w-slider style_none fit_cover nav_thumbs has_ratio count_2\" style=\"--thumbs-width:4rem;--thumbs-gap:4px;--aspect-ratio: 1\/1;\"><div class=\"w-slider-h\" aria-hidden=\"true\"><div class=\"royalSlider\"><div class=\"rsContent\"><a class=\"rsImg\" data-rsw=\"600\" data-rsh=\"400\" href=\"https:\/\/turismoselvadeirati.com\/wp-content\/uploads\/horreo-en-Hiriberri-villanueva-aezkoa.avif\"><span data-alt=\"\"><\/span><\/a><img decoding=\"async\" width=\"128\" height=\"85\" src=\"https:\/\/turismoselvadeirati.com\/wp-content\/uploads\/horreo-en-Hiriberri-villanueva-aezkoa.avif\" class=\"rsTmb\" alt=\"\" srcset=\"https:\/\/turismoselvadeirati.com\/wp-content\/uploads\/horreo-en-Hiriberri-villanueva-aezkoa.avif 600w, https:\/\/turismoselvadeirati.com\/wp-content\/uploads\/horreo-en-Hiriberri-villanueva-aezkoa-240x160.avif 240w\" sizes=\"(max-width: 768px) 100vw, (max-width: 1200px) 50vw, 33vw\" title=\"\"><\/div><div class=\"rsContent\"><a class=\"rsImg\" data-rsw=\"600\" data-rsh=\"400\" href=\"https:\/\/turismoselvadeirati.com\/wp-content\/uploads\/horreo-en-hiriberri-villanueva-aezkoa-2.avif\"><span data-alt=\"\"><\/span><\/a><img decoding=\"async\" width=\"128\" height=\"85\" src=\"https:\/\/turismoselvadeirati.com\/wp-content\/uploads\/horreo-en-hiriberri-villanueva-aezkoa-2.avif\" class=\"rsTmb\" alt=\"\" srcset=\"https:\/\/turismoselvadeirati.com\/wp-content\/uploads\/horreo-en-hiriberri-villanueva-aezkoa-2.avif 600w, https:\/\/turismoselvadeirati.com\/wp-content\/uploads\/horreo-en-hiriberri-villanueva-aezkoa-2-240x160.avif 240w\" sizes=\"(max-width: 768px) 100vw, (max-width: 1200px) 50vw, 33vw\" title=\"\"><\/div><\/div><img decoding=\"async\" src=\"https:\/\/turismoselvadeirati.com\/wp-content\/uploads\/horreo-en-Hiriberri-villanueva-aezkoa.avif\" width=\"600\" height=\"400\" loading=\"lazy\" alt=\"\" title=\"\"><\/div><div class=\"w-slider-json\" onclick='return {&quot;autoScaleSlider&quot;:false,&quot;addActiveClass&quot;:true,&quot;loop&quot;:true,&quot;fadeInLoadedSlide&quot;:false,&quot;slidesSpacing&quot;:0,&quot;imageScalePadding&quot;:0,&quot;numImagesToPreload&quot;:2,&quot;arrowsNav&quot;:true,&quot;arrowsNavAutoHide&quot;:false,&quot;transitionType&quot;:&quot;move&quot;,&quot;transitionSpeed&quot;:250,&quot;block&quot;:{&quot;moveEffect&quot;:&quot;none&quot;,&quot;speed&quot;:300},&quot;thumbs&quot;:{&quot;fitInViewport&quot;:false,&quot;firstMargin&quot;:false,&quot;spacing&quot;:4},&quot;controlNavigation&quot;:&quot;thumbnails&quot;}'><\/div><\/div><\/div><\/div><div class=\"wpb_column vc_column_container\"><div class=\"vc_column-inner\"><div class=\"w-separator size_large\"><\/div><div class=\"w-iconbox us_custom_39459875 iconpos_left style_outlined color_secondary align_none\"><div class=\"w-iconbox-icon\" style=\"font-size:1.5rem;\"><i class=\"fas fa-landmark\"><\/i><\/div><div class=\"w-iconbox-meta\"><h3 class=\"w-iconbox-title\"><span class=\"ez-toc-section\" id=\"BISITATU_BEHARREKO_GARAI_NAGUSIAK\"><\/span>BISITATU BEHARREKO GARAI NAGUSIAK<span class=\"ez-toc-section-end\"><\/span><\/h3><div class=\"w-iconbox-text\"><p style=\"text-align: justify;\">Si regresas de la <a href=\"https:\/\/turismoselvadeirati.com\/selva-de-irati\/\" target=\"_blank\" rel=\"noopener\">Selva de Irati<\/a> por <a href=\"https:\/\/turismoselvadeirati.com\/pueblos-y-valles\/\" target=\"_blank\" rel=\"noopener\">Orbaizeta,<\/a> no dejes de completar tu visita admirando estas construcciones t\u00edpicas de los pueblos aezkoanos. Serv\u00edan para guardar el grano, elev\u00e1ndolo del suelo para ponerlo a resguardo de roedores y de la humedad de la planta baja tradicional. Muchos de ellos han sido restaurados en las \u00faltimas d\u00e9cadas y lucen el buen estado de conservaci\u00f3n que podemos apreciar hoy en d\u00eda.<\/p>\n<p style=\"text-align: justify;\">Los h\u00f3rreos de Aezkoa son de tipo pirenaico, tienen tejados a dos aguas casi sin aleros, planta rectangular y paredes de piedra sin labrar. <strong>Garaioa, Hiriberri\/Villanueva de Aezkoa, Aribe, Aria, Orbara, Orbaitzeta y Garralda<\/strong> conservan ejemplos interesantes, conocidos por los nombres de las casas a las que pertenecen. El m\u00e1s grande en esta zona es el de Casa Domench, en Aribe. El de Casa Larra\u00f1eta, en Orbaizeta, todav\u00eda mantiene la estructura de madera y los pilares originales. Y el de Reka, en Hiriberri\/Villanueva de Aezkoa, por ejemplo, presenta inscripciones en la fachada.<\/p>\n<h3><span class=\"ez-toc-section\" id=\"EJEMPLAR_ROMANICO\"><\/span>EJEMPLAR ROM\u00c1NICO<span class=\"ez-toc-section-end\"><\/span><\/h3>\n<p style=\"text-align: justify;\">Y si te diriges hacia el Valle de Aezkoa por la carretera de Aoiz a Auritz\/Burguete atravesar\u00e1s el Valle de Arce. Imprescindible hacer un desv\u00edo breve (se\u00f1alizado como Lusarreta) para admirar el h\u00f3rreo rom\u00e1nico de esta localidad, at\u00edpico por su estilo.<\/p>\n<\/div><\/div><\/div><div class=\"w-separator size_small\"><\/div><\/div><\/div><\/div><\/div><\/section><section class=\"l-section wpb_row us_custom_c4fcaf8a height_custom\"><div class=\"l-section-h i-cf\"><div class=\"g-cols vc_row via_grid cols_3 laptops-cols_inherit tablets-cols_1 mobiles-cols_1 valign_top type_default stacking_default\" style=\"--columns-gap:2rem;\"><div class=\"wpb_column vc_column_container us_custom_7e7698fb has_bg_color\"><div class=\"vc_column-inner\"><h2 class=\"w-text us_custom_32307752 has_text_color\"><span class=\"ez-toc-section\" id=\"INFORMAZIO_PRAKTIKOA\"><\/span><span class=\"w-text-h\"><span class=\"w-text-value\">INFORMAZIO PRAKTIKOA<\/span><\/span><span class=\"ez-toc-section-end\"><\/span><\/h2><div class=\"w-separator size_small\"><\/div><div class=\"wpb_text_column\"><div class=\"wpb_wrapper\"><ul>\n<li><a href=\"https:\/\/valledeaezkoa.com\/que-ver-y-hacer\/horreos\/\" target=\"_blank\" rel=\"noopener\">WEB VALLE DE AEZKOA<\/a><\/li>\n<li><a href=\"https:\/\/www.valledearce.com\/\" target=\"_blank\" rel=\"noopener\">AYTO. VALLE ARCE<\/a><\/li>\n<\/ul>\n<\/div><\/div><\/div><\/div><div class=\"wpb_column vc_column_container us_custom_8e7c68ed has_bg_color\"><div class=\"vc_column-inner\"><h2 class=\"w-text us_custom_32307752 has_text_color\"><span class=\"ez-toc-section\" id=\"PLANIFIKATU_ZURE_BIDAIA\"><\/span><span class=\"w-text-h\"><span class=\"w-text-value\">PLANIFIKATU ZURE BIDAIA<\/span><\/span><span class=\"ez-toc-section-end\"><\/span><\/h2><div class=\"wpb_text_column\"><div class=\"wpb_wrapper\"><p style=\"text-align: justify;\">Organiza tu viaje y encuentra todos los servicios necesarios para que tu estancia sea inolvidable.<\/p>\n<\/div><\/div><div class=\"w-separator size_medium\"><\/div><div class=\"w-btn-wrapper align_right\"><a class=\"w-btn us-btn-style_1\" href=\"https:\/\/turismoselvadeirati.com\/eu\/planifikatu-zure-bidaia-irati-orreaga\/\"><span class=\"w-btn-label\">PLANIFIKATU ZURE BIDAIA<\/span><\/a><\/div><\/div><\/div><div class=\"wpb_column vc_column_container us_custom_9915d313 has_bg_color\"><div class=\"vc_column-inner\"><h2 class=\"w-text us_custom_32307752 has_text_color\"><span class=\"ez-toc-section\" id=\"EZ_AHAZTU%E2%80%A6\"><\/span><span class=\"w-text-h\"><span class=\"w-text-value\">EZ AHAZTU&#8230;<\/span><\/span><span class=\"ez-toc-section-end\"><\/span><\/h2><div class=\"wpb_text_column\"><div class=\"wpb_wrapper\"><ul>\n<li>Respetar la flora y la fauna<\/li>\n<li>No tirar basura ni dejar restos<\/li>\n<li>Respetar caminos y senderos<\/li>\n<li>Cumplir con las normativas y se\u00f1alizaciones del lugar<\/li>\n<\/ul>\n<\/div><\/div><\/div><\/div><\/div><\/div><\/section><section class=\"l-section wpb_row height_custom\"><div class=\"l-section-h i-cf\"><div class=\"g-cols vc_row via_grid cols_5-1 laptops-cols_inherit tablets-cols_inherit mobiles-cols_1 valign_top type_default stacking_default\"><div class=\"wpb_column vc_column_container us_custom_859a57ac\"><div class=\"vc_column-inner\"><h2 class=\"w-text us_custom_d2565bc7\"><span class=\"ez-toc-section\" id=\"GALDU_EZIN_DITUZUN_BESTE_LEKU_BATZUK\"><\/span><span class=\"w-text-h\"><span class=\"w-text-value\">GALDU EZIN DITUZUN BESTE LEKU BATZUK<\/span><\/span><span class=\"ez-toc-section-end\"><\/span><\/h2><nav class=\"w-menu us_custom_1c0a4eaa hide_on_default hide_on_laptops layout_ver style_blocks us_menu_1\" style=\"--main-gap:1.6rem;--main-ver-indent:0.5em;--main-hor-indent:0.6em;--main-bg-color:rgba(0,0,0,0.1);--main-color:inherit;--main-active-color:var(--color-main);\"><ul id=\"menu-menu-espacios-culturales-basque\" class=\"menu\"><li id=\"menu-item-3797\" class=\"menu-item menu-item-type-post_type menu-item-object-page menu-item-3797\"><a href=\"https:\/\/turismoselvadeirati.com\/eu\/orreaga\/\">Orreaga<\/a><\/li><li id=\"menu-item-3798\" class=\"menu-item menu-item-type-post_type menu-item-object-page menu-item-3798\"><a href=\"https:\/\/turismoselvadeirati.com\/eu\/ekintzak\/kultur-ondarea\/orbaizetako-arma-fabrika\/\">Orbaizetako Arma Fabrika<\/a><\/li><li id=\"menu-item-3799\" class=\"menu-item menu-item-type-post_type menu-item-object-page menu-item-3799\"><a href=\"https:\/\/turismoselvadeirati.com\/eu\/ekintzak\/kultur-ondarea\/hilarrien-museoa\/\">Hilarrien Museoa Abaurregainan<\/a><\/li><li id=\"menu-item-3800\" class=\"menu-item menu-item-type-post_type menu-item-object-page menu-item-3800\"><a href=\"https:\/\/turismoselvadeirati.com\/eu\/ekintzak\/kultur-ondarea\/aztarnategi-erromatarrak\/\">Nafarroako Aztarnategi Erromatarrak<\/a><\/li><li id=\"menu-item-3801\" class=\"menu-item menu-item-type-post_type menu-item-object-page menu-item-3801\"><a href=\"https:\/\/turismoselvadeirati.com\/eu\/ekintzak\/kultur-ondarea\/galtzada-erromatarra\/\">Pirinioetako Galtzada Erromatarra<\/a><\/li><li id=\"menu-item-3802\" class=\"menu-item menu-item-type-post_type menu-item-object-page menu-item-3802\"><a href=\"https:\/\/turismoselvadeirati.com\/eu\/ekintzak\/kultur-ondarea\/artziko-santa-maria\/\">Artziko Santa Maria<\/a><\/li><li id=\"menu-item-3803\" class=\"menu-item menu-item-type-post_type menu-item-object-page menu-item-3803\"><a href=\"https:\/\/turismoselvadeirati.com\/eu\/ekintzak\/kultur-ondarea\/garaien-ibilbidea-nafarroan\/\">Garaien Ibilbidea Nafarroan<\/a><\/li><li id=\"menu-item-3804\" class=\"menu-item menu-item-type-post_type menu-item-object-page menu-item-3804\"><a href=\"https:\/\/turismoselvadeirati.com\/eu\/ekintzak\/kultur-ondarea\/megalitoak\/\">Megalitoak Nafarroan<\/a><\/li><li id=\"menu-item-5328\" class=\"menu-item menu-item-type-post_type menu-item-object-page menu-item-5328\"><a href=\"https:\/\/turismoselvadeirati.com\/eu\/ekintzak\/kultur-ondarea\/oroz-betelu\/\">Orotz-Betelu<\/a><\/li><li id=\"menu-item-5329\" class=\"menu-item menu-item-type-post_type menu-item-object-page menu-item-5329\"><a href=\"https:\/\/turismoselvadeirati.com\/eu\/ekintzak\/kultur-ondarea\/valle-de-erro-erroibar\/\">Erroibar<\/a><\/li><\/ul><style>@media ( max-width:600px ){.us_menu_1 .menu{display:block!important}.us_menu_1 .menu>li{margin:0 0 var(--main-gap,1.6rem)!important}}<\/style><\/nav><nav class=\"w-menu us_custom_1c0a4eaa hide_on_tablets hide_on_mobiles layout_hor style_blocks us_menu_2\" style=\"--main-gap:1.6rem;--main-ver-indent:0.5em;--main-hor-indent:0.6em;--main-bg-color:rgba(0,0,0,0.1);--main-color:inherit;--main-active-color:var(--color-main);\"><ul id=\"menu-menu-espacios-culturales-basque-1\" class=\"menu\"><li class=\"menu-item menu-item-type-post_type menu-item-object-page menu-item-3797\"><a href=\"https:\/\/turismoselvadeirati.com\/eu\/orreaga\/\">Orreaga<\/a><\/li><li class=\"menu-item menu-item-type-post_type menu-item-object-page menu-item-3798\"><a href=\"https:\/\/turismoselvadeirati.com\/eu\/ekintzak\/kultur-ondarea\/orbaizetako-arma-fabrika\/\">Orbaizetako Arma Fabrika<\/a><\/li><li class=\"menu-item menu-item-type-post_type menu-item-object-page menu-item-3799\"><a href=\"https:\/\/turismoselvadeirati.com\/eu\/ekintzak\/kultur-ondarea\/hilarrien-museoa\/\">Hilarrien Museoa Abaurregainan<\/a><\/li><li class=\"menu-item menu-item-type-post_type menu-item-object-page menu-item-3800\"><a href=\"https:\/\/turismoselvadeirati.com\/eu\/ekintzak\/kultur-ondarea\/aztarnategi-erromatarrak\/\">Nafarroako Aztarnategi Erromatarrak<\/a><\/li><li class=\"menu-item menu-item-type-post_type menu-item-object-page menu-item-3801\"><a href=\"https:\/\/turismoselvadeirati.com\/eu\/ekintzak\/kultur-ondarea\/galtzada-erromatarra\/\">Pirinioetako Galtzada Erromatarra<\/a><\/li><li class=\"menu-item menu-item-type-post_type menu-item-object-page menu-item-3802\"><a href=\"https:\/\/turismoselvadeirati.com\/eu\/ekintzak\/kultur-ondarea\/artziko-santa-maria\/\">Artziko Santa Maria<\/a><\/li><li class=\"menu-item menu-item-type-post_type menu-item-object-page menu-item-3803\"><a href=\"https:\/\/turismoselvadeirati.com\/eu\/ekintzak\/kultur-ondarea\/garaien-ibilbidea-nafarroan\/\">Garaien Ibilbidea Nafarroan<\/a><\/li><li class=\"menu-item menu-item-type-post_type menu-item-object-page menu-item-3804\"><a href=\"https:\/\/turismoselvadeirati.com\/eu\/ekintzak\/kultur-ondarea\/megalitoak\/\">Megalitoak Nafarroan<\/a><\/li><li class=\"menu-item menu-item-type-post_type menu-item-object-page menu-item-5328\"><a href=\"https:\/\/turismoselvadeirati.com\/eu\/ekintzak\/kultur-ondarea\/oroz-betelu\/\">Orotz-Betelu<\/a><\/li><li class=\"menu-item menu-item-type-post_type menu-item-object-page menu-item-5329\"><a href=\"https:\/\/turismoselvadeirati.com\/eu\/ekintzak\/kultur-ondarea\/valle-de-erro-erroibar\/\">Erroibar<\/a><\/li><\/ul><style>@media ( max-width:600px ){.us_menu_2 .menu{display:block!important}.us_menu_2 .menu>li{margin:0 0 var(--main-gap,1.6rem)!important}}<\/style><\/nav><\/div><\/div><div class=\"wpb_column vc_column_container\"><div class=\"vc_column-inner\"><\/div><\/div><\/div><\/div><\/section>\n","protected":false},"excerpt":{"rendered":"\u00bfQU\u00c9 SON LOS H\u00d3RREOS? De los 22 h\u00f3rreos que se conservan en Navarra, 15 se hallan en el Valle de Aezkoa. Casi todos los pueblos tienen alguno y, adem\u00e1s, est\u00e1n muy bien conservados. RECORRIDO POR LA RUTA DE LOS H\u00d3RREOS BISITATU BEHARREKO GARAI NAGUSIAKSi regresas de la Selva de Irati por Orbaizeta, no dejes de...","protected":false},"author":1,"featured_media":0,"parent":3610,"menu_order":52,"comment_status":"closed","ping_status":"closed","template":"","meta":{"_acf_changed":false,"footnotes":""},"class_list":["post-3623","page","type-page","status-publish","hentry"],"acf":[],"_links":{"self":[{"href":"https:\/\/turismoselvadeirati.com\/eu\/wp-json\/wp\/v2\/pages\/3623","targetHints":{"allow":["GET"]}}],"collection":[{"href":"https:\/\/turismoselvadeirati.com\/eu\/wp-json\/wp\/v2\/pages"}],"about":[{"href":"https:\/\/turismoselvadeirati.com\/eu\/wp-json\/wp\/v2\/types\/page"}],"author":[{"embeddable":true,"href":"https:\/\/turismoselvadeirati.com\/eu\/wp-json\/wp\/v2\/users\/1"}],"replies":[{"embeddable":true,"href":"https:\/\/turismoselvadeirati.com\/eu\/wp-json\/wp\/v2\/comments?post=3623"}],"version-history":[{"count":3,"href":"https:\/\/turismoselvadeirati.com\/eu\/wp-json\/wp\/v2\/pages\/3623\/revisions"}],"predecessor-version":[{"id":5071,"href":"https:\/\/turismoselvadeirati.com\/eu\/wp-json\/wp\/v2\/pages\/3623\/revisions\/5071"}],"up":[{"embeddable":true,"href":"https:\/\/turismoselvadeirati.com\/eu\/wp-json\/wp\/v2\/pages\/3610"}],"wp:attachment":[{"href":"https:\/\/turismoselvadeirati.com\/eu\/wp-json\/wp\/v2\/media?parent=3623"}],"curies":[{"name":"wp","href":"https:\/\/api.w.org\/{rel}","templated":true}]}}