{"id":3613,"date":"2024-09-06T12:50:34","date_gmt":"2024-09-06T12:50:34","guid":{"rendered":"https:\/\/turismoselvadeirati.com\/ekintzak\/kultur-ondarea\/artziko-santa-maria\/"},"modified":"2025-10-24T09:55:52","modified_gmt":"2025-10-24T09:55:52","slug":"artziko-santa-maria","status":"publish","type":"page","link":"https:\/\/turismoselvadeirati.com\/eu\/ekintzak\/kultur-ondarea\/artziko-santa-maria\/","title":{"rendered":"Artziko Santa Maria: Altxor Ezkutua Nafarroan"},"content":{"rendered":"<div id=\"ez-toc-container\" class=\"ez-toc-v2_0_82_2 ez-toc-wrap-center counter-hierarchy ez-toc-counter ez-toc-grey ez-toc-container-direction\">\n<div class=\"ez-toc-title-container\">\n<p class=\"ez-toc-title ez-toc-toggle\" style=\"cursor:pointer\">Contenido de la p\u00e1gina<\/p>\n<span class=\"ez-toc-title-toggle\"><a href=\"#\" class=\"ez-toc-pull-right ez-toc-btn ez-toc-btn-xs ez-toc-btn-default ez-toc-toggle\" aria-label=\"Toggle Table of Content\"><span class=\"ez-toc-js-icon-con\"><span class=\"\"><span class=\"eztoc-hide\" style=\"display:none;\">Toggle<\/span><span class=\"ez-toc-icon-toggle-span\"><svg style=\"fill: #999;color:#999\" xmlns=\"http:\/\/www.w3.org\/2000\/svg\" class=\"list-377408\" width=\"20px\" height=\"20px\" viewBox=\"0 0 24 24\" fill=\"none\"><path d=\"M6 6H4v2h2V6zm14 0H8v2h12V6zM4 11h2v2H4v-2zm16 0H8v2h12v-2zM4 16h2v2H4v-2zm16 0H8v2h12v-2z\" fill=\"currentColor\"><\/path><\/svg><svg style=\"fill: #999;color:#999\" class=\"arrow-unsorted-368013\" xmlns=\"http:\/\/www.w3.org\/2000\/svg\" width=\"10px\" height=\"10px\" viewBox=\"0 0 24 24\" version=\"1.2\" baseProfile=\"tiny\"><path d=\"M18.2 9.3l-6.2-6.3-6.2 6.3c-.2.2-.3.4-.3.7s.1.5.3.7c.2.2.4.3.7.3h11c.3 0 .5-.1.7-.3.2-.2.3-.5.3-.7s-.1-.5-.3-.7zM5.8 14.7l6.2 6.3 6.2-6.3c.2-.2.3-.5.3-.7s-.1-.5-.3-.7c-.2-.2-.4-.3-.7-.3h-11c-.3 0-.5.1-.7.3-.2.2-.3.5-.3.7s.1.5.3.7z\"\/><\/svg><\/span><\/span><\/span><\/a><\/span><\/div>\n<nav><ul class='ez-toc-list ez-toc-list-level-1 eztoc-toggle-hide-by-default' ><li class='ez-toc-page-1 ez-toc-heading-level-2'><a class=\"ez-toc-link ez-toc-heading-1\" href=\"https:\/\/turismoselvadeirati.com\/eu\/ekintzak\/kultur-ondarea\/artziko-santa-maria\/#UN_VISTAZO_A_LA_HISTORIA_DE_ESTA_IGLESIA\" >UN VISTAZO A LA HISTORIA DE ESTA IGLESIA<\/a><\/li><li class='ez-toc-page-1 ez-toc-heading-level-2'><a class=\"ez-toc-link ez-toc-heading-2\" href=\"https:\/\/turismoselvadeirati.com\/eu\/ekintzak\/kultur-ondarea\/artziko-santa-maria\/#LA_IGLESIA_DE_SANTA_MARIA_DE_ARCE\" >LA IGLESIA DE SANTA MAR\u00cdA DE ARCE<\/a><ul class='ez-toc-list-level-3' ><li class='ez-toc-heading-level-3'><a class=\"ez-toc-link ez-toc-heading-3\" href=\"https:\/\/turismoselvadeirati.com\/eu\/ekintzak\/kultur-ondarea\/artziko-santa-maria\/#Capiteles_y_canecillos\" >Capiteles y canecillos<\/a><\/li><\/ul><\/li><li class='ez-toc-page-1 ez-toc-heading-level-2'><a class=\"ez-toc-link ez-toc-heading-4\" href=\"https:\/\/turismoselvadeirati.com\/eu\/ekintzak\/kultur-ondarea\/artziko-santa-maria\/#INFORMAZIO_PRAKTIKOA\" >INFORMAZIO PRAKTIKOA<\/a><\/li><li class='ez-toc-page-1 ez-toc-heading-level-2'><a class=\"ez-toc-link ez-toc-heading-5\" href=\"https:\/\/turismoselvadeirati.com\/eu\/ekintzak\/kultur-ondarea\/artziko-santa-maria\/#PLANIFIKATU_ZURE_BIDAIA\" >PLANIFIKATU ZURE BIDAIA<\/a><\/li><li class='ez-toc-page-1 ez-toc-heading-level-2'><a class=\"ez-toc-link ez-toc-heading-6\" href=\"https:\/\/turismoselvadeirati.com\/eu\/ekintzak\/kultur-ondarea\/artziko-santa-maria\/#EZ_AHAZTU%E2%80%A6\" >EZ AHAZTU&#8230;<\/a><\/li><li class='ez-toc-page-1 ez-toc-heading-level-2'><a class=\"ez-toc-link ez-toc-heading-7\" href=\"https:\/\/turismoselvadeirati.com\/eu\/ekintzak\/kultur-ondarea\/artziko-santa-maria\/#GALDU_EZIN_DITUZUN_BESTE_LEKU_BATZUK\" >GALDU EZIN DITUZUN BESTE LEKU BATZUK<\/a><\/li><\/ul><\/nav><\/div>\n<section class=\"l-section wpb_row us_custom_f0dae6f0 height_custom\"><div class=\"l-section-h i-cf\"><div class=\"g-cols vc_row via_grid cols_1 laptops-cols_inherit tablets-cols_inherit mobiles-cols_1 valign_top type_default stacking_default\"><div class=\"wpb_column vc_column_container\"><div class=\"vc_column-inner\"><div class=\"wpb_text_column\"><div class=\"wpb_wrapper\"><p style=\"text-align: center;\">Si alguien quiere admirar en absoluto silencio el <strong>arte rom\u00e1nico<\/strong> rural m\u00e1s aut\u00e9ntico en Navarra, tiene que acercarse hasta la <strong>ermita de Santa Mar\u00eda de Arce.<\/strong><\/p>\n<\/div><\/div><\/div><\/div><\/div><\/div><\/section><section class=\"l-section wpb_row us_custom_3b5e9c7e height_huge color_secondary with_img parallax_ver\"><div class=\"l-section-img\" role=\"img\" aria-label=\"Patrimonio cultural - Ermita Santa Mar\u00eda de Arce\" data-img-width=\"1024\" data-img-height=\"355\" style=\"background-image: url(https:\/\/turismoselvadeirati.com\/wp-content\/uploads\/ermita-santa-maria-arce.jpg);background-repeat: no-repeat;\"><\/div><div class=\"l-section-overlay\" style=\"background:linear-gradient(90deg,#000,rgba(0,0,0,0.00))\"><\/div><div class=\"l-section-h i-cf\"><div class=\"g-cols vc_row via_grid cols_1 laptops-cols_inherit tablets-cols_1 mobiles-cols_1 valign_top type_default reversed stacking_default\" style=\"--columns-gap:0rem;\"><div class=\"wpb_column vc_column_container us_custom_e5713a0c\"><div class=\"vc_column-inner\"><div class=\"wpb_text_column\"><div class=\"wpb_wrapper\"><h2><span class=\"ez-toc-section\" id=\"UN_VISTAZO_A_LA_HISTORIA_DE_ESTA_IGLESIA\"><\/span><strong>UN VISTAZO A LA HISTORIA DE ESTA IGLESIA<\/strong><span class=\"ez-toc-section-end\"><\/span><\/h2>\n<\/div><\/div><div class=\"w-separator size_small\"><\/div><div class=\"wpb_text_column us_custom_487d8441 has_text_color\"><div class=\"wpb_wrapper\"><p style=\"text-align: justify;\">Muy cerca de Nagore, capital del Valle de Arce, en un paraje aislado y solitario, encontramos esta joya del rom\u00e1nico rural, construida en el siglo XII y dedicada a la Pur\u00edsima Concepci\u00f3n. Tiene sentido encontrarla aqu\u00ed, porque durante siglos se transitaba por estos parajes como una ruta alternativa al <a href=\"https:\/\/turismoselvadeirati.com\/actividades\/camino-de-santiago\/\">Camino de Santiago<\/a>. Era el modo de evitar a los peregrinos los duros ascensos a los puertos de Mezkiritz y Erro.<\/p>\n<p style=\"text-align: justify;\">El paisaje que la rodea, construido durante miles de a\u00f1os por el r\u00edo Urrobi y custodiado por la Sierra de Labia, os dejar\u00e1 sin respiraci\u00f3n. Destacan su rusticidad, sus armoniosas proporciones y su compacta arquitectura, con un hermoso \u00e1bside semicircular. Fue declarada Bien de Inter\u00e9s Cultural en el a\u00f1o 1984.<\/p>\n<\/div><\/div><\/div><\/div><\/div><\/div><\/section><section class=\"l-section wpb_row us_custom_07622f62 height_custom\"><div class=\"l-section-overlay\" style=\"background:linear-gradient(180deg,rgba(0,0,0,0.05),rgba(0,0,0,0.00))\"><\/div><div class=\"l-section-h i-cf\"><div class=\"g-cols vc_row via_grid cols_1-2 laptops-cols_inherit tablets-cols_inherit mobiles-cols_1 valign_top type_default stacking_default\" style=\"--columns-gap:4vw;\"><div class=\"wpb_column vc_column_container type_sticky\"><div class=\"vc_column-inner\"><div class=\"wpb_text_column\"><div class=\"wpb_wrapper\"><h2><span class=\"ez-toc-section\" id=\"LA_IGLESIA_DE_SANTA_MARIA_DE_ARCE\"><\/span><strong>LA IGLESIA DE SANTA MAR\u00cdA DE ARCE<\/strong><span class=\"ez-toc-section-end\"><\/span><\/h2>\n<\/div><\/div><div class=\"w-separator size_medium\"><\/div><div class=\"w-slider style_none fit_cover nav_thumbs has_ratio count_1\" style=\"--thumbs-width:4rem;--thumbs-gap:4px;--aspect-ratio: 3\/2;\"><div class=\"w-slider-h\" aria-hidden=\"true\"><div class=\"royalSlider\"><div class=\"rsContent\"><a class=\"rsImg\" data-rsw=\"1024\" data-rsh=\"355\" href=\"https:\/\/turismoselvadeirati.com\/wp-content\/uploads\/ermita-santa-maria-arce.jpg\"><span data-alt=\"\"><\/span><\/a><img decoding=\"async\" width=\"128\" height=\"44\" src=\"https:\/\/turismoselvadeirati.com\/wp-content\/uploads\/ermita-santa-maria-arce.jpg\" class=\"rsTmb\" alt=\"\" srcset=\"https:\/\/turismoselvadeirati.com\/wp-content\/uploads\/ermita-santa-maria-arce.jpg 1024w, https:\/\/turismoselvadeirati.com\/wp-content\/uploads\/ermita-santa-maria-arce-240x83.jpg 240w\" sizes=\"(max-width: 768px) 100vw, (max-width: 1200px) 50vw, 33vw\" title=\"\"><\/div><\/div><img decoding=\"async\" src=\"https:\/\/turismoselvadeirati.com\/wp-content\/uploads\/ermita-santa-maria-arce.jpg\" width=\"1024\" height=\"355\" loading=\"lazy\" alt=\"\" title=\"\"><\/div><div class=\"w-slider-json\" onclick='return {&quot;autoScaleSlider&quot;:false,&quot;addActiveClass&quot;:true,&quot;loop&quot;:true,&quot;fadeInLoadedSlide&quot;:false,&quot;slidesSpacing&quot;:0,&quot;imageScalePadding&quot;:0,&quot;numImagesToPreload&quot;:2,&quot;arrowsNav&quot;:true,&quot;arrowsNavAutoHide&quot;:false,&quot;transitionType&quot;:&quot;move&quot;,&quot;transitionSpeed&quot;:250,&quot;block&quot;:{&quot;moveEffect&quot;:&quot;none&quot;,&quot;speed&quot;:300},&quot;thumbs&quot;:{&quot;fitInViewport&quot;:false,&quot;firstMargin&quot;:false,&quot;spacing&quot;:4},&quot;controlNavigation&quot;:&quot;none&quot;}'><\/div><\/div><\/div><\/div><div class=\"wpb_column vc_column_container\"><div class=\"vc_column-inner\"><div class=\"w-separator size_large\"><\/div><div class=\"w-iconbox us_custom_39459875 iconpos_left style_outlined color_secondary align_none no_title\"><div class=\"w-iconbox-icon\" style=\"font-size:1.5rem;\"><i class=\"fas fa-landmark\"><\/i><\/div><div class=\"w-iconbox-meta\"><div class=\"w-iconbox-text\"><h3 style=\"text-align: justify;\"><span class=\"ez-toc-section\" id=\"Capiteles_y_canecillos\"><\/span>Capiteles y canecillos<span class=\"ez-toc-section-end\"><\/span><\/h3>\n<p style=\"text-align: justify;\">Llamar\u00e1n especialmente vuestra atenci\u00f3n los capiteles de la portada y los canecillos que soportan la cornisa. En los capiteles de la entrada, recibi\u00e9ndonos a un lugar sagrado, reconoceremos a Cristo en la mandorla y una representaci\u00f3n de los ap\u00f3stoles.<\/p>\n<p style=\"text-align: justify;\">Sin embargo, en el tejado, observaremos todo un abanico de vicios, pecados y placeres livianos, que hablan de las inclinaciones mundanas del hombre. Monstruos y demonios, un hombre bebiendo de un barril, m\u00fasicos, referencias a la sexualidad\u2026 Ver\u00e9is qu\u00e9 interesante examinar durante un rato todas estas curiosas figuras y extraer vuestras propias interpretaciones.<\/p>\n<p>Si hab\u00e9is llegado hasta aqu\u00ed, os sugerimos tambi\u00e9n acercaros hasta el\u00a0<strong>h\u00f3rreo de Lusarreta<\/strong>. Este \u00a0tipo de construcci\u00f3n rural ha sido frecuente en el vecino Valle de Aezkoa. Serv\u00eda para proteger el grano de la humedad y los animales. Es un edificio de piedra con cubierta a dos aguas. El cuerpo inferior est\u00e1 formado por arcos de medio punto y, en el superior, podr\u00e9is contemplar una portada del siglo XVI decorada con bolas y un escudo.<\/p>\n<\/div><\/div><\/div><div class=\"w-separator size_small\"><\/div><\/div><\/div><\/div><\/div><\/section><section class=\"l-section wpb_row us_custom_c4fcaf8a height_custom\"><div class=\"l-section-h i-cf\"><div class=\"g-cols vc_row via_grid cols_3 laptops-cols_inherit tablets-cols_1 mobiles-cols_1 valign_top type_default stacking_default\" style=\"--columns-gap:2rem;\"><div class=\"wpb_column vc_column_container us_custom_7e7698fb has_bg_color\"><div class=\"vc_column-inner\"><h2 class=\"w-text us_custom_32307752 has_text_color\"><span class=\"ez-toc-section\" id=\"INFORMAZIO_PRAKTIKOA\"><\/span><span class=\"w-text-h\"><span class=\"w-text-value\">INFORMAZIO PRAKTIKOA<\/span><\/span><span class=\"ez-toc-section-end\"><\/span><\/h2><div class=\"w-separator size_small\"><\/div><div class=\"wpb_text_column\"><div class=\"wpb_wrapper\"><ul>\n<li><a href=\"https:\/\/www.valledearce.com\/\" target=\"_blank\" rel=\"noopener\">AYTO. VALLE ARCE<\/a><\/li>\n<\/ul>\n<\/div><\/div><\/div><\/div><div class=\"wpb_column vc_column_container us_custom_8e7c68ed has_bg_color\"><div class=\"vc_column-inner\"><h2 class=\"w-text us_custom_32307752 has_text_color\"><span class=\"ez-toc-section\" id=\"PLANIFIKATU_ZURE_BIDAIA\"><\/span><span class=\"w-text-h\"><span class=\"w-text-value\">PLANIFIKATU ZURE BIDAIA<\/span><\/span><span class=\"ez-toc-section-end\"><\/span><\/h2><div class=\"wpb_text_column\"><div class=\"wpb_wrapper\"><p style=\"text-align: justify;\">Organiza tu viaje y encuentra todos los servicios necesarios para que tu estancia sea inolvidable.<\/p>\n<\/div><\/div><div class=\"w-separator size_medium\"><\/div><div class=\"w-btn-wrapper align_right\"><a class=\"w-btn us-btn-style_1\" href=\"https:\/\/turismoselvadeirati.com\/eu\/planifikatu-zure-bidaia-irati-orreaga\/\"><span class=\"w-btn-label\">PLANIFIKATU ZURE BIDAIA<\/span><\/a><\/div><\/div><\/div><div class=\"wpb_column vc_column_container us_custom_9915d313 has_bg_color\"><div class=\"vc_column-inner\"><h2 class=\"w-text us_custom_32307752 has_text_color\"><span class=\"ez-toc-section\" id=\"EZ_AHAZTU%E2%80%A6\"><\/span><span class=\"w-text-h\"><span class=\"w-text-value\">EZ AHAZTU&#8230;<\/span><\/span><span class=\"ez-toc-section-end\"><\/span><\/h2><div class=\"wpb_text_column\"><div class=\"wpb_wrapper\"><ul>\n<li>Respetar la flora y la fauna<\/li>\n<li>No tirar basura ni dejar restos<\/li>\n<li>Respetar caminos y senderos<\/li>\n<li>Cumplir con las normativas y se\u00f1alizaciones del lugar<\/li>\n<\/ul>\n<\/div><\/div><\/div><\/div><\/div><\/div><\/section><section class=\"l-section wpb_row height_custom\"><div class=\"l-section-h i-cf\"><div class=\"g-cols vc_row via_grid cols_5-1 laptops-cols_inherit tablets-cols_inherit mobiles-cols_1 valign_top type_default stacking_default\"><div class=\"wpb_column vc_column_container us_custom_859a57ac\"><div class=\"vc_column-inner\"><h2 class=\"w-text us_custom_d2565bc7\"><span class=\"ez-toc-section\" id=\"GALDU_EZIN_DITUZUN_BESTE_LEKU_BATZUK\"><\/span><span class=\"w-text-h\"><span class=\"w-text-value\">GALDU EZIN DITUZUN BESTE LEKU BATZUK<\/span><\/span><span class=\"ez-toc-section-end\"><\/span><\/h2><nav class=\"w-menu us_custom_1c0a4eaa hide_on_default hide_on_laptops layout_ver style_blocks us_menu_1\" style=\"--main-gap:1.6rem;--main-ver-indent:0.5em;--main-hor-indent:0.6em;--main-bg-color:rgba(0,0,0,0.1);--main-color:inherit;--main-active-color:var(--color-main);\"><ul id=\"menu-menu-espacios-culturales-basque\" class=\"menu\"><li id=\"menu-item-3797\" class=\"menu-item menu-item-type-post_type menu-item-object-page menu-item-3797\"><a href=\"https:\/\/turismoselvadeirati.com\/eu\/orreaga\/\">Orreaga<\/a><\/li><li id=\"menu-item-3798\" class=\"menu-item menu-item-type-post_type menu-item-object-page menu-item-3798\"><a href=\"https:\/\/turismoselvadeirati.com\/eu\/ekintzak\/kultur-ondarea\/orbaizetako-arma-fabrika\/\">Orbaizetako Arma Fabrika<\/a><\/li><li id=\"menu-item-3799\" class=\"menu-item menu-item-type-post_type menu-item-object-page menu-item-3799\"><a href=\"https:\/\/turismoselvadeirati.com\/eu\/ekintzak\/kultur-ondarea\/hilarrien-museoa\/\">Hilarrien Museoa Abaurregainan<\/a><\/li><li id=\"menu-item-3800\" class=\"menu-item menu-item-type-post_type menu-item-object-page menu-item-3800\"><a href=\"https:\/\/turismoselvadeirati.com\/eu\/ekintzak\/kultur-ondarea\/aztarnategi-erromatarrak\/\">Nafarroako Aztarnategi Erromatarrak<\/a><\/li><li id=\"menu-item-3801\" class=\"menu-item menu-item-type-post_type menu-item-object-page menu-item-3801\"><a href=\"https:\/\/turismoselvadeirati.com\/eu\/ekintzak\/kultur-ondarea\/galtzada-erromatarra\/\">Pirinioetako Galtzada Erromatarra<\/a><\/li><li id=\"menu-item-3802\" class=\"menu-item menu-item-type-post_type menu-item-object-page menu-item-3802\"><a href=\"https:\/\/turismoselvadeirati.com\/eu\/ekintzak\/kultur-ondarea\/artziko-santa-maria\/\">Artziko Santa Maria<\/a><\/li><li id=\"menu-item-3803\" class=\"menu-item menu-item-type-post_type menu-item-object-page menu-item-3803\"><a href=\"https:\/\/turismoselvadeirati.com\/eu\/ekintzak\/kultur-ondarea\/garaien-ibilbidea-nafarroan\/\">Garaien Ibilbidea Nafarroan<\/a><\/li><li id=\"menu-item-3804\" class=\"menu-item menu-item-type-post_type menu-item-object-page menu-item-3804\"><a href=\"https:\/\/turismoselvadeirati.com\/eu\/ekintzak\/kultur-ondarea\/megalitoak\/\">Megalitoak Nafarroan<\/a><\/li><li id=\"menu-item-5328\" class=\"menu-item menu-item-type-post_type menu-item-object-page menu-item-5328\"><a href=\"https:\/\/turismoselvadeirati.com\/eu\/ekintzak\/kultur-ondarea\/oroz-betelu\/\">Orotz-Betelu<\/a><\/li><li id=\"menu-item-5329\" class=\"menu-item menu-item-type-post_type menu-item-object-page menu-item-5329\"><a href=\"https:\/\/turismoselvadeirati.com\/eu\/ekintzak\/kultur-ondarea\/valle-de-erro-erroibar\/\">Erroibar<\/a><\/li><\/ul><style>@media ( max-width:600px ){.us_menu_1 .menu{display:block!important}.us_menu_1 .menu>li{margin:0 0 var(--main-gap,1.6rem)!important}}<\/style><\/nav><nav class=\"w-menu us_custom_1c0a4eaa hide_on_tablets hide_on_mobiles layout_hor style_blocks us_menu_2\" style=\"--main-gap:1.6rem;--main-ver-indent:0.5em;--main-hor-indent:0.6em;--main-bg-color:rgba(0,0,0,0.1);--main-color:inherit;--main-active-color:var(--color-main);\"><ul id=\"menu-menu-espacios-culturales-basque-1\" class=\"menu\"><li class=\"menu-item menu-item-type-post_type menu-item-object-page menu-item-3797\"><a href=\"https:\/\/turismoselvadeirati.com\/eu\/orreaga\/\">Orreaga<\/a><\/li><li class=\"menu-item menu-item-type-post_type menu-item-object-page menu-item-3798\"><a href=\"https:\/\/turismoselvadeirati.com\/eu\/ekintzak\/kultur-ondarea\/orbaizetako-arma-fabrika\/\">Orbaizetako Arma Fabrika<\/a><\/li><li class=\"menu-item menu-item-type-post_type menu-item-object-page menu-item-3799\"><a href=\"https:\/\/turismoselvadeirati.com\/eu\/ekintzak\/kultur-ondarea\/hilarrien-museoa\/\">Hilarrien Museoa Abaurregainan<\/a><\/li><li class=\"menu-item menu-item-type-post_type menu-item-object-page menu-item-3800\"><a href=\"https:\/\/turismoselvadeirati.com\/eu\/ekintzak\/kultur-ondarea\/aztarnategi-erromatarrak\/\">Nafarroako Aztarnategi Erromatarrak<\/a><\/li><li class=\"menu-item menu-item-type-post_type menu-item-object-page menu-item-3801\"><a href=\"https:\/\/turismoselvadeirati.com\/eu\/ekintzak\/kultur-ondarea\/galtzada-erromatarra\/\">Pirinioetako Galtzada Erromatarra<\/a><\/li><li class=\"menu-item menu-item-type-post_type menu-item-object-page menu-item-3802\"><a href=\"https:\/\/turismoselvadeirati.com\/eu\/ekintzak\/kultur-ondarea\/artziko-santa-maria\/\">Artziko Santa Maria<\/a><\/li><li class=\"menu-item menu-item-type-post_type menu-item-object-page menu-item-3803\"><a href=\"https:\/\/turismoselvadeirati.com\/eu\/ekintzak\/kultur-ondarea\/garaien-ibilbidea-nafarroan\/\">Garaien Ibilbidea Nafarroan<\/a><\/li><li class=\"menu-item menu-item-type-post_type menu-item-object-page menu-item-3804\"><a href=\"https:\/\/turismoselvadeirati.com\/eu\/ekintzak\/kultur-ondarea\/megalitoak\/\">Megalitoak Nafarroan<\/a><\/li><li class=\"menu-item menu-item-type-post_type menu-item-object-page menu-item-5328\"><a href=\"https:\/\/turismoselvadeirati.com\/eu\/ekintzak\/kultur-ondarea\/oroz-betelu\/\">Orotz-Betelu<\/a><\/li><li class=\"menu-item menu-item-type-post_type menu-item-object-page menu-item-5329\"><a href=\"https:\/\/turismoselvadeirati.com\/eu\/ekintzak\/kultur-ondarea\/valle-de-erro-erroibar\/\">Erroibar<\/a><\/li><\/ul><style>@media ( max-width:600px ){.us_menu_2 .menu{display:block!important}.us_menu_2 .menu>li{margin:0 0 var(--main-gap,1.6rem)!important}}<\/style><\/nav><\/div><\/div><div class=\"wpb_column vc_column_container\"><div class=\"vc_column-inner\"><\/div><\/div><\/div><\/div><\/section>\n","protected":false},"excerpt":{"rendered":"Si alguien quiere admirar en absoluto silencio el arte rom\u00e1nico rural m\u00e1s aut\u00e9ntico en Navarra, tiene que acercarse hasta la ermita de Santa Mar\u00eda de Arce. UN VISTAZO A LA HISTORIA DE ESTA IGLESIA Muy cerca de Nagore, capital del Valle de Arce, en un paraje aislado y solitario, encontramos esta joya del rom\u00e1nico rural,...","protected":false},"author":1,"featured_media":0,"parent":3610,"menu_order":53,"comment_status":"closed","ping_status":"closed","template":"","meta":{"_acf_changed":false,"footnotes":""},"class_list":["post-3613","page","type-page","status-publish","hentry"],"acf":[],"_links":{"self":[{"href":"https:\/\/turismoselvadeirati.com\/eu\/wp-json\/wp\/v2\/pages\/3613","targetHints":{"allow":["GET"]}}],"collection":[{"href":"https:\/\/turismoselvadeirati.com\/eu\/wp-json\/wp\/v2\/pages"}],"about":[{"href":"https:\/\/turismoselvadeirati.com\/eu\/wp-json\/wp\/v2\/types\/page"}],"author":[{"embeddable":true,"href":"https:\/\/turismoselvadeirati.com\/eu\/wp-json\/wp\/v2\/users\/1"}],"replies":[{"embeddable":true,"href":"https:\/\/turismoselvadeirati.com\/eu\/wp-json\/wp\/v2\/comments?post=3613"}],"version-history":[{"count":4,"href":"https:\/\/turismoselvadeirati.com\/eu\/wp-json\/wp\/v2\/pages\/3613\/revisions"}],"predecessor-version":[{"id":5075,"href":"https:\/\/turismoselvadeirati.com\/eu\/wp-json\/wp\/v2\/pages\/3613\/revisions\/5075"}],"up":[{"embeddable":true,"href":"https:\/\/turismoselvadeirati.com\/eu\/wp-json\/wp\/v2\/pages\/3610"}],"wp:attachment":[{"href":"https:\/\/turismoselvadeirati.com\/eu\/wp-json\/wp\/v2\/media?parent=3613"}],"curies":[{"name":"wp","href":"https:\/\/api.w.org\/{rel}","templated":true}]}}