{"id":3555,"date":"2024-08-11T17:47:04","date_gmt":"2024-08-11T17:47:04","guid":{"rendered":"https:\/\/turismoselvadeirati.com\/iparraldeko-naturguneak\/kintoa\/"},"modified":"2025-11-26T16:30:21","modified_gmt":"2025-11-26T16:30:21","slug":"kintoa","status":"publish","type":"page","link":"https:\/\/turismoselvadeirati.com\/eu\/iparraldeko-naturguneak\/kintoa\/","title":{"rendered":"Kintoa"},"content":{"rendered":"<div id=\"ez-toc-container\" class=\"ez-toc-v2_0_82_2 ez-toc-wrap-center counter-hierarchy ez-toc-counter ez-toc-grey ez-toc-container-direction\">\n<div class=\"ez-toc-title-container\">\n<p class=\"ez-toc-title ez-toc-toggle\" style=\"cursor:pointer\">Contenido de la p\u00e1gina<\/p>\n<span class=\"ez-toc-title-toggle\"><a href=\"#\" class=\"ez-toc-pull-right ez-toc-btn ez-toc-btn-xs ez-toc-btn-default ez-toc-toggle\" aria-label=\"Toggle Table of Content\"><span class=\"ez-toc-js-icon-con\"><span class=\"\"><span class=\"eztoc-hide\" style=\"display:none;\">Toggle<\/span><span class=\"ez-toc-icon-toggle-span\"><svg style=\"fill: #999;color:#999\" xmlns=\"http:\/\/www.w3.org\/2000\/svg\" class=\"list-377408\" width=\"20px\" height=\"20px\" viewBox=\"0 0 24 24\" fill=\"none\"><path d=\"M6 6H4v2h2V6zm14 0H8v2h12V6zM4 11h2v2H4v-2zm16 0H8v2h12v-2zM4 16h2v2H4v-2zm16 0H8v2h12v-2z\" fill=\"currentColor\"><\/path><\/svg><svg style=\"fill: #999;color:#999\" class=\"arrow-unsorted-368013\" xmlns=\"http:\/\/www.w3.org\/2000\/svg\" width=\"10px\" height=\"10px\" viewBox=\"0 0 24 24\" version=\"1.2\" baseProfile=\"tiny\"><path d=\"M18.2 9.3l-6.2-6.3-6.2 6.3c-.2.2-.3.4-.3.7s.1.5.3.7c.2.2.4.3.7.3h11c.3 0 .5-.1.7-.3.2-.2.3-.5.3-.7s-.1-.5-.3-.7zM5.8 14.7l6.2 6.3 6.2-6.3c.2-.2.3-.5.3-.7s-.1-.5-.3-.7c-.2-.2-.4-.3-.7-.3h-11c-.3 0-.5.1-.7.3-.2.2-.3.5-.3.7s.1.5.3.7z\"\/><\/svg><\/span><\/span><\/span><\/a><\/span><\/div>\n<nav><ul class='ez-toc-list ez-toc-list-level-1 eztoc-toggle-hide-by-default' ><li class='ez-toc-page-1 ez-toc-heading-level-2'><a class=\"ez-toc-link ez-toc-heading-1\" href=\"https:\/\/turismoselvadeirati.com\/eu\/iparraldeko-naturguneak\/kintoa\/#Paradisu_naturala\" >Paradisu naturala<\/a><\/li><li class='ez-toc-page-1 ez-toc-heading-level-2'><a class=\"ez-toc-link ez-toc-heading-2\" href=\"https:\/\/turismoselvadeirati.com\/eu\/iparraldeko-naturguneak\/kintoa\/#MENDI-IBILIAK_ETA_IGOERAK\" >MENDI-IBILIAK ETA IGOERAK<\/a><\/li><li class='ez-toc-page-1 ez-toc-heading-level-2'><a class=\"ez-toc-link ez-toc-heading-3\" href=\"https:\/\/turismoselvadeirati.com\/eu\/iparraldeko-naturguneak\/kintoa\/#CONSEJOS\" >CONSEJOS<\/a><\/li><li class='ez-toc-page-1 ez-toc-heading-level-2'><a class=\"ez-toc-link ez-toc-heading-4\" href=\"https:\/\/turismoselvadeirati.com\/eu\/iparraldeko-naturguneak\/kintoa\/#EZ_AHAZTU%E2%80%A6\" >EZ AHAZTU&#8230;<\/a><\/li><li class='ez-toc-page-1 ez-toc-heading-level-2'><a class=\"ez-toc-link ez-toc-heading-5\" href=\"https:\/\/turismoselvadeirati.com\/eu\/iparraldeko-naturguneak\/kintoa\/#GALDU_EZIN_DITUZUN_BESTE_LEKU_BATZUK\" >GALDU EZIN DITUZUN BESTE LEKU BATZUK<\/a><\/li><\/ul><\/nav><\/div>\n<section class=\"l-section wpb_row us_custom_f0dae6f0 height_custom\"><div class=\"l-section-h i-cf\"><div class=\"g-cols vc_row via_grid cols_1 laptops-cols_inherit tablets-cols_inherit mobiles-cols_1 valign_top type_default stacking_default\"><div class=\"wpb_column vc_column_container\"><div class=\"vc_column-inner\"><div class=\"wpb_text_column us_custom_01ebf509\"><div class=\"wpb_wrapper\"><p style=\"text-align: center;\"><strong>Nafarroako Pirinioetako<\/strong> baso eremu garrantzitsuenetako bat da. Magikoa da. Are gehiago udazkeneko hilabeteetan. Gozatzeko dituen aukerak hain dira anitzak, ezen askotariko giza &#8220;fauna&#8221; erakartzen duen: mendi-ibiltariak, perretxiko zaleak, argazkilariak, ehiztariak, txirrindulariak eta motozaleak.<\/p>\n<\/div><\/div><\/div><\/div><\/div><\/div><\/section><section class=\"l-section wpb_row us_custom_3b5e9c7e height_huge color_secondary with_img parallax_ver\"><div class=\"l-section-img\" role=\"img\" aria-label=\"Bosque de Quinto Real: paisaje de frondosos hayedos en Navarra.\" data-img-width=\"800\" data-img-height=\"600\" style=\"background-image: url(https:\/\/turismoselvadeirati.com\/wp-content\/uploads\/quinto-real-01.jpg);background-repeat: no-repeat;\"><\/div><div class=\"l-section-overlay\" style=\"background:linear-gradient(90deg,#000,rgba(0,0,0,0.00))\"><\/div><div class=\"l-section-h i-cf\"><div class=\"g-cols vc_row via_grid cols_1 laptops-cols_inherit tablets-cols_1 mobiles-cols_1 valign_top type_default reversed stacking_default\" style=\"--columns-gap:0rem;\"><div class=\"wpb_column vc_column_container us_custom_fd43344c\"><div class=\"vc_column-inner\"><h2 class=\"w-text\"><span class=\"ez-toc-section\" id=\"Paradisu_naturala\"><\/span><span class=\"w-text-h\"><span class=\"w-text-value\">Paradisu naturala<\/span><\/span><span class=\"ez-toc-section-end\"><\/span><\/h2><div class=\"wpb_text_column us_custom_968e95c7 has_text_color\"><div class=\"wpb_wrapper\"><p style=\"text-align: justify;\">Toki honen toponimoak Erdi Aroan du jatorria. &#8220;Bosgarren bat&#8221; zen garai hartan (XIII. mendea) Nafarroako erregeei larreak eta mendia aprobetxatzeagatik ordaindu behar zitzaien zatia. Kintoa, paradisua da. Lau mila hektarea pagadi baino gehiago, beste espezie batzuekin nahastuta, hala nola haritzekin eta gaztainondoekin. Pirinioetako lau ibarren artean dago banatuta baso honen zaintza: Erro, Baztan, Esteribar eta Alduides.<\/p>\n<p style=\"text-align: justify;\">Ehunka errekatsok zeharkatzen duten espazioa, Argaren sorlekua eta usoa sarearekin ehizatzea bezalako antzinako tradizioen sorlekua. Harrigarria da ere bere faunaren aniztasuna; Usoak, belatz erromesak eta putreak, orkatzak, basurdeak eta oreinak. Ikuskizun ederra da azken horiek &#8220;berrean&#8221;, araldian, entzutea. Irailaren erdialdetik urriaren amaiera bitartean izaten da horren punturik gorena. Batez ere ilunabarrean entzuten zaie, belardietara jaisten direnean.<\/p>\n<p style=\"text-align: justify;\">Gure historiaren aztarnak ere zaintzen ditu baso honek. Merezi du Eugiko Errege Arma Fabrikako hondakinak bezalako leku berezi bat bisitatzea. XVI. mendean eraiki zen (Orbaizetakoa baino lehenago) eta bertan, kanoi eta arma txikientzako jaurtigaiak egiten ziren batez ere. Abentura handia da, halaber, gerraostean altxatutako bunker eta lubaki ugarietako batzuk aurkitzen saiatzea, Kintoko lurraldeak ezkutatuta eta utziak.<\/p>\n<\/div><\/div><\/div><\/div><\/div><\/div><\/section><section class=\"l-section wpb_row us_custom_1ad2a56c height_custom\"><div class=\"l-section-overlay\" style=\"background:linear-gradient(180deg,rgba(0,0,0,0.05),rgba(0,0,0,0.00))\"><\/div><div class=\"l-section-h i-cf\"><div class=\"g-cols vc_row via_grid cols_1-3 laptops-cols_inherit tablets-cols_inherit mobiles-cols_1 valign_top type_default stacking_default\" style=\"--columns-gap:4vw;\"><div class=\"wpb_column vc_column_container type_sticky\"><div class=\"vc_column-inner\"><div class=\"wpb_text_column\"><div class=\"wpb_wrapper\"><h2><span class=\"ez-toc-section\" id=\"MENDI-IBILIAK_ETA_IGOERAK\"><\/span><strong>MENDI-IBILIAK ETA IGOERAK<\/strong><span class=\"ez-toc-section-end\"><\/span><\/h2>\n<\/div><\/div><div class=\"w-separator size_medium\"><\/div><\/div><\/div><div class=\"wpb_column vc_column_container\"><div class=\"vc_column-inner\"><div class=\"w-iconbox us_custom_cbef5348 iconpos_left style_outlined color_secondary align_none no_title\"><div class=\"w-iconbox-icon\" style=\"font-size:1.5rem;\"><i class=\"fas fa-mountain\"><\/i><\/div><div class=\"w-iconbox-meta\"><div class=\"w-iconbox-text\"><p style=\"text-align: justify;\"><strong>Kintoko basorako<\/strong> bi sarrera natural daude. Bata, Urkiaga gainetik (Argaren iturburua dagoen lekutik) eta, bestea, Artesiagatik. Nafarroako mendi mitikoenetako batzuetara iristeko ohiko sarbideak ere badira. Artesiagatik, txango klasiko bat Saiora igotzea da, eta bertatik basoaren panoramika ikusgarria da. Urkiagatik joaten bagara, Adi mendira iritsiko gara. Ibilbide Handiko bi bidezidorrek Kintoa zeharkatzen dute. GR11 edo Pirinioetako Bide Handia eta GR12 edo Euskalherriko Bidexka (edo Kantauri eta Mediterraneo arteko uren banalerroa).<\/p>\n<p>Dos <a href=\"https:\/\/turismoselvadeirati.com\/actividades\/senderismo-irati-orreaga\/\">senderos de Gran Recorrido<\/a> atraviesan Quinto Real. El GR11 \u00f3 Gran Senda Pirenaica y el GR12 \u00f3 Sendero de Euskalherria (o de la Divisoria de aguas cant\u00e1brico-mediterr\u00e1nea).<\/p>\n<\/div><\/div><\/div><\/div><\/div><\/div><\/div><\/section><section class=\"l-section wpb_row us_custom_c4fcaf8a height_custom\"><div class=\"l-section-h i-cf\"><div class=\"g-cols vc_row via_grid cols_3 laptops-cols_inherit tablets-cols_1 mobiles-cols_1 valign_top type_default stacking_default\" style=\"--columns-gap:2rem;\"><div class=\"wpb_column vc_column_container\"><div class=\"vc_column-inner\"><div class=\"w-slider style_none fit_cover nav_thumbs has_ratio count_3\" style=\"--thumbs-width:4rem;--thumbs-gap:4px;--aspect-ratio: 4\/3;\"><div class=\"w-slider-h\" aria-hidden=\"true\"><div class=\"royalSlider\"><div class=\"rsContent\"><a class=\"rsImg\" data-rsw=\"800\" data-rsh=\"600\" href=\"https:\/\/turismoselvadeirati.com\/wp-content\/uploads\/quinto-real-01.jpg\"><span data-alt=\"Bosque de Quinto Real: paisaje de frondosos hayedos en Navarra.\"><\/span><\/a><img decoding=\"async\" width=\"96\" height=\"96\" src=\"https:\/\/turismoselvadeirati.com\/wp-content\/uploads\/quinto-real-01-175x175.jpg\" class=\"rsTmb\" alt=\"Bosque de Quinto Real: paisaje de frondosos hayedos en Navarra.\" srcset=\"https:\/\/turismoselvadeirati.com\/wp-content\/uploads\/quinto-real-01-175x175.jpg 175w, https:\/\/turismoselvadeirati.com\/wp-content\/uploads\/quinto-real-01-32x32.jpg 32w, https:\/\/turismoselvadeirati.com\/wp-content\/uploads\/quinto-real-01-48x48.jpg 48w, https:\/\/turismoselvadeirati.com\/wp-content\/uploads\/quinto-real-01-80x80.jpg 80w\" sizes=\"(max-width: 768px) 100vw, (max-width: 1200px) 50vw, 33vw\" title=\"\"><\/div><div class=\"rsContent\"><a class=\"rsImg\" data-rsw=\"600\" data-rsh=\"292\" href=\"https:\/\/turismoselvadeirati.com\/wp-content\/uploads\/artesiaga-quinto-real.jpg\"><span data-alt=\"Parque Micol\u00f3gico Quinto Real: recolecci\u00f3n de hongos y setas.\"><\/span><\/a><img decoding=\"async\" width=\"96\" height=\"96\" src=\"https:\/\/turismoselvadeirati.com\/wp-content\/uploads\/artesiaga-quinto-real-175x175.jpg\" class=\"rsTmb\" alt=\"Parque Micol\u00f3gico Quinto Real: recolecci\u00f3n de hongos y setas.\" srcset=\"https:\/\/turismoselvadeirati.com\/wp-content\/uploads\/artesiaga-quinto-real-175x175.jpg 175w, https:\/\/turismoselvadeirati.com\/wp-content\/uploads\/artesiaga-quinto-real-32x32.jpg 32w, https:\/\/turismoselvadeirati.com\/wp-content\/uploads\/artesiaga-quinto-real-48x48.jpg 48w, https:\/\/turismoselvadeirati.com\/wp-content\/uploads\/artesiaga-quinto-real-80x80.jpg 80w\" sizes=\"(max-width: 768px) 100vw, (max-width: 1200px) 50vw, 33vw\" title=\"\"><\/div><div class=\"rsContent\"><a class=\"rsImg\" data-rsw=\"810\" data-rsh=\"454\" href=\"https:\/\/turismoselvadeirati.com\/wp-content\/uploads\/naturaleza-quinto-real-grande.jpg\"><span data-alt=\"Monta\u00f1as y naturaleza de Quinto Real, Navarra.\"><\/span><\/a><img decoding=\"async\" width=\"96\" height=\"96\" src=\"https:\/\/turismoselvadeirati.com\/wp-content\/uploads\/naturaleza-quinto-real-grande-175x175.jpg\" class=\"rsTmb\" alt=\"Monta\u00f1as y naturaleza de Quinto Real, Navarra.\" srcset=\"https:\/\/turismoselvadeirati.com\/wp-content\/uploads\/naturaleza-quinto-real-grande-175x175.jpg 175w, https:\/\/turismoselvadeirati.com\/wp-content\/uploads\/naturaleza-quinto-real-grande-32x32.jpg 32w, https:\/\/turismoselvadeirati.com\/wp-content\/uploads\/naturaleza-quinto-real-grande-48x48.jpg 48w, https:\/\/turismoselvadeirati.com\/wp-content\/uploads\/naturaleza-quinto-real-grande-80x80.jpg 80w\" sizes=\"(max-width: 768px) 100vw, (max-width: 1200px) 50vw, 33vw\" title=\"\"><\/div><\/div><img decoding=\"async\" src=\"https:\/\/turismoselvadeirati.com\/wp-content\/uploads\/quinto-real-01.jpg\" width=\"800\" height=\"600\" alt=\"Bosque de Quinto Real: paisaje de frondosos hayedos en Navarra.\" loading=\"lazy\" title=\"\"><\/div><div class=\"w-slider-json\" onclick='return {&quot;autoScaleSlider&quot;:false,&quot;addActiveClass&quot;:true,&quot;loop&quot;:true,&quot;fadeInLoadedSlide&quot;:false,&quot;slidesSpacing&quot;:0,&quot;imageScalePadding&quot;:0,&quot;numImagesToPreload&quot;:2,&quot;arrowsNav&quot;:true,&quot;arrowsNavAutoHide&quot;:false,&quot;transitionType&quot;:&quot;move&quot;,&quot;transitionSpeed&quot;:250,&quot;block&quot;:{&quot;moveEffect&quot;:&quot;none&quot;,&quot;speed&quot;:300},&quot;thumbs&quot;:{&quot;fitInViewport&quot;:false,&quot;firstMargin&quot;:false,&quot;spacing&quot;:4},&quot;controlNavigation&quot;:&quot;thumbnails&quot;}'><\/div><\/div><\/div><\/div><div class=\"wpb_column vc_column_container us_custom_391ffce1 has_bg_color\"><div class=\"vc_column-inner\"><h2 class=\"w-text us_custom_32307752 has_text_color\"><span class=\"ez-toc-section\" id=\"CONSEJOS\"><\/span><span class=\"w-text-h\"><span class=\"w-text-value\">CONSEJOS<\/span><\/span><span class=\"ez-toc-section-end\"><\/span><\/h2><div class=\"wpb_text_column\"><div class=\"wpb_wrapper\"><p style=\"text-align: justify;\">Planifica tu viaje y encuentra alojamientos, bares, restaurantes y comercios cerca de este paraje de Quinto Real.<\/p>\n<\/div><\/div><div class=\"w-separator size_medium\"><\/div><div class=\"w-btn-wrapper align_right\"><a class=\"w-btn us-btn-style_1\" href=\"https:\/\/turismoselvadeirati.com\/eu\/planifikatu-zure-bidaia\/\"><span class=\"w-btn-label\">PLANIFIKATU ZURE BIDAIA<\/span><\/a><\/div><\/div><\/div><div class=\"wpb_column vc_column_container us_custom_9915d313 has_bg_color\"><div class=\"vc_column-inner\"><h2 class=\"w-text us_custom_32307752 has_text_color\"><span class=\"ez-toc-section\" id=\"EZ_AHAZTU%E2%80%A6\"><\/span><span class=\"w-text-h\"><span class=\"w-text-value\">EZ AHAZTU&#8230;<\/span><\/span><span class=\"ez-toc-section-end\"><\/span><\/h2><div class=\"wpb_text_column\"><div class=\"wpb_wrapper\"><ul>\n<li>Flora eta fauna errespetatzeaz<\/li>\n<li>Ez bota zaborrik eta ez utzi hondakinik<\/li>\n<li>Bideak eta bidexkak errespetatu<\/li>\n<li>Tokiko araudiak eta seinaleak bete<\/li>\n<\/ul>\n<\/div><\/div><\/div><\/div><\/div><\/div><\/section><section class=\"l-section wpb_row height_custom\"><div class=\"l-section-h i-cf\"><div class=\"g-cols vc_row via_grid cols_4-1 laptops-cols_inherit tablets-cols_inherit mobiles-cols_1 valign_top type_default stacking_default\"><div class=\"wpb_column vc_column_container us_custom_859a57ac\"><div class=\"vc_column-inner\"><h2 class=\"w-text us_custom_d2565bc7\"><span class=\"ez-toc-section\" id=\"GALDU_EZIN_DITUZUN_BESTE_LEKU_BATZUK\"><\/span><span class=\"w-text-h\"><span class=\"w-text-value\">GALDU EZIN DITUZUN BESTE LEKU BATZUK<\/span><\/span><span class=\"ez-toc-section-end\"><\/span><\/h2><nav class=\"w-menu us_custom_1c0a4eaa hide_on_default hide_on_laptops layout_ver style_blocks us_menu_1\" style=\"--main-gap:1.6rem;--main-ver-indent:0.5em;--main-hor-indent:0.6em;--main-bg-color:rgba(0,0,0,0.1);--main-color:inherit;--main-active-color:var(--color-main);\"><ul id=\"menu-menu-espacios-naturales-basque\" class=\"menu\"><li id=\"menu-item-3781\" class=\"menu-item menu-item-type-post_type menu-item-object-page menu-item-3781\"><a href=\"https:\/\/turismoselvadeirati.com\/eu\/iratiko-oihana\/\">Iratiko Oihaneko Gida<\/a><\/li><li id=\"menu-item-3782\" class=\"menu-item menu-item-type-post_type menu-item-object-page menu-item-3782\"><a href=\"https:\/\/turismoselvadeirati.com\/eu\/orreaga\/\">Orreaga<\/a><\/li><li id=\"menu-item-3783\" class=\"menu-item menu-item-type-post_type menu-item-object-page menu-item-3783\"><a href=\"https:\/\/turismoselvadeirati.com\/eu\/iparraldeko-naturguneak\/ariztokiako-begiratokia\/\">Ariztokiako begiratokia<\/a><\/li><li id=\"menu-item-3784\" class=\"menu-item menu-item-type-post_type menu-item-object-page menu-item-3784\"><a href=\"https:\/\/turismoselvadeirati.com\/eu\/iparraldeko-naturguneak\/kintoa\/\">Kintoa<\/a><\/li><li id=\"menu-item-3785\" class=\"menu-item menu-item-type-post_type menu-item-object-page menu-item-3785\"><a href=\"https:\/\/turismoselvadeirati.com\/eu\/iparraldeko-naturguneak\/oroz-beteluko-hariztia\/\">Orotz-Beteluko Hariztia<\/a><\/li><li id=\"menu-item-3786\" class=\"menu-item menu-item-type-post_type menu-item-object-page menu-item-3786\"><a href=\"https:\/\/turismoselvadeirati.com\/eu\/iparraldeko-naturguneak\/sorogain\/\">Sorogain<\/a><\/li><\/ul><style>@media ( max-width:600px ){.us_menu_1 .menu{display:block!important}.us_menu_1 .menu>li{margin:0 0 var(--main-gap,1.6rem)!important}}<\/style><\/nav><nav class=\"w-menu us_custom_1c0a4eaa hide_on_tablets hide_on_mobiles layout_hor style_blocks us_menu_2\" style=\"--main-gap:1.6rem;--main-ver-indent:0.5em;--main-hor-indent:0.6em;--main-bg-color:rgba(0,0,0,0.1);--main-color:inherit;--main-active-color:var(--color-main);\"><ul id=\"menu-menu-espacios-naturales-basque-1\" class=\"menu\"><li class=\"menu-item menu-item-type-post_type menu-item-object-page menu-item-3781\"><a href=\"https:\/\/turismoselvadeirati.com\/eu\/iratiko-oihana\/\">Iratiko Oihaneko Gida<\/a><\/li><li class=\"menu-item menu-item-type-post_type menu-item-object-page menu-item-3782\"><a href=\"https:\/\/turismoselvadeirati.com\/eu\/orreaga\/\">Orreaga<\/a><\/li><li class=\"menu-item menu-item-type-post_type menu-item-object-page menu-item-3783\"><a href=\"https:\/\/turismoselvadeirati.com\/eu\/iparraldeko-naturguneak\/ariztokiako-begiratokia\/\">Ariztokiako begiratokia<\/a><\/li><li class=\"menu-item menu-item-type-post_type menu-item-object-page menu-item-3784\"><a href=\"https:\/\/turismoselvadeirati.com\/eu\/iparraldeko-naturguneak\/kintoa\/\">Kintoa<\/a><\/li><li class=\"menu-item menu-item-type-post_type menu-item-object-page menu-item-3785\"><a href=\"https:\/\/turismoselvadeirati.com\/eu\/iparraldeko-naturguneak\/oroz-beteluko-hariztia\/\">Orotz-Beteluko Hariztia<\/a><\/li><li class=\"menu-item menu-item-type-post_type menu-item-object-page menu-item-3786\"><a href=\"https:\/\/turismoselvadeirati.com\/eu\/iparraldeko-naturguneak\/sorogain\/\">Sorogain<\/a><\/li><\/ul><style>@media ( max-width:600px ){.us_menu_2 .menu{display:block!important}.us_menu_2 .menu>li{margin:0 0 var(--main-gap,1.6rem)!important}}<\/style><\/nav><\/div><\/div><div class=\"wpb_column vc_column_container\"><div class=\"vc_column-inner\"><\/div><\/div><\/div><\/div><\/section>\n","protected":false},"excerpt":{"rendered":"Nafarroako Pirinioetako baso eremu garrantzitsuenetako bat da. Magikoa da. Are gehiago udazkeneko hilabeteetan. Gozatzeko dituen aukerak hain dira anitzak, ezen askotariko giza &#8220;fauna&#8221; erakartzen duen: mendi-ibiltariak, perretxiko zaleak, argazkilariak, ehiztariak, txirrindulariak eta motozaleak. Paradisu naturalaToki honen toponimoak Erdi Aroan du jatorria. &#8220;Bosgarren bat&#8221; zen garai hartan (XIII. mendea) Nafarroako erregeei larreak eta mendia aprobetxatzeagatik ordaindu...","protected":false},"author":1,"featured_media":0,"parent":3549,"menu_order":85,"comment_status":"closed","ping_status":"closed","template":"","meta":{"_acf_changed":false,"footnotes":""},"class_list":["post-3555","page","type-page","status-publish","hentry"],"acf":[],"_links":{"self":[{"href":"https:\/\/turismoselvadeirati.com\/eu\/wp-json\/wp\/v2\/pages\/3555","targetHints":{"allow":["GET"]}}],"collection":[{"href":"https:\/\/turismoselvadeirati.com\/eu\/wp-json\/wp\/v2\/pages"}],"about":[{"href":"https:\/\/turismoselvadeirati.com\/eu\/wp-json\/wp\/v2\/types\/page"}],"author":[{"embeddable":true,"href":"https:\/\/turismoselvadeirati.com\/eu\/wp-json\/wp\/v2\/users\/1"}],"replies":[{"embeddable":true,"href":"https:\/\/turismoselvadeirati.com\/eu\/wp-json\/wp\/v2\/comments?post=3555"}],"version-history":[{"count":5,"href":"https:\/\/turismoselvadeirati.com\/eu\/wp-json\/wp\/v2\/pages\/3555\/revisions"}],"predecessor-version":[{"id":5143,"href":"https:\/\/turismoselvadeirati.com\/eu\/wp-json\/wp\/v2\/pages\/3555\/revisions\/5143"}],"up":[{"embeddable":true,"href":"https:\/\/turismoselvadeirati.com\/eu\/wp-json\/wp\/v2\/pages\/3549"}],"wp:attachment":[{"href":"https:\/\/turismoselvadeirati.com\/eu\/wp-json\/wp\/v2\/media?parent=3555"}],"curies":[{"name":"wp","href":"https:\/\/api.w.org\/{rel}","templated":true}]}}